{"id":73,"date":"2026-03-03T20:35:32","date_gmt":"2026-03-03T20:35:32","guid":{"rendered":"https:\/\/vukon.fi\/etatuki\/"},"modified":"2026-04-06T10:47:57","modified_gmt":"2026-04-06T07:47:57","slug":"etatuki","status":"publish","type":"page","link":"https:\/\/vukon.fi\/en\/etatuki\/","title":{"rendered":"Remote Support"},"content":{"rendered":"<div data-elementor-type=\"wp-page\" data-elementor-id=\"73\" class=\"elementor elementor-73\">\n\t\t\t\t<div class=\"elementor-element elementor-element-1eb69f3 vukon-hero e-con-full e-flex e-con e-parent\" data-id=\"1eb69f3\" data-element_type=\"container\" data-e-type=\"container\" data-settings=\"{&quot;background_background&quot;:&quot;classic&quot;}\">\n\t\t\t\t<div class=\"elementor-element elementor-element-d47fc14 elementor-widget elementor-widget-heading\" data-id=\"d47fc14\" data-element_type=\"widget\" data-e-type=\"widget\" data-widget_type=\"heading.default\">\n\t\t\t\t\t<h1 class=\"elementor-heading-title elementor-size-default\">Remote Support<\/h1>\t\t\t\t<\/div>\n\t\t\t\t<div class=\"elementor-element elementor-element-7539db7 elementor-widget elementor-widget-text-editor\" data-id=\"7539db7\" data-element_type=\"widget\" data-e-type=\"widget\" data-widget_type=\"text-editor.default\">\n\t\t\t\t\t\t\t\t\t<p style=\"text-align:center;color:rgba(255,255,255,0.85);\">Download the remote support application so we can help you remotely, quickly and securely.<\/p>\t\t\t\t\t\t\t\t<\/div>\n\t\t\t\t<\/div>\n\t\t<div class=\"elementor-element elementor-element-f60a0ba vukon-section-dark e-con-full e-flex e-con e-parent\" data-id=\"f60a0ba\" data-element_type=\"container\" data-e-type=\"container\">\n\t\t\t\t<div class=\"elementor-element elementor-element-3cec885 elementor-widget elementor-widget-heading\" data-id=\"3cec885\" data-element_type=\"widget\" data-e-type=\"widget\" data-widget_type=\"heading.default\">\n\t\t\t\t\t<h2 class=\"elementor-heading-title elementor-size-default\">Download Splashtop Remote Support<\/h2>\t\t\t\t<\/div>\n\t\t\t\t<div class=\"elementor-element elementor-element-0f21cd8 elementor-widget elementor-widget-text-editor\" data-id=\"0f21cd8\" data-element_type=\"widget\" data-e-type=\"widget\" data-widget_type=\"text-editor.default\">\n\t\t\t\t\t\t\t\t\t<p style=\"text-align:center;color:rgba(255,255,255,0.85);\">Choose your operating system and download the remote support application. The application enables a secure remote connection to your computer.<\/p>\t\t\t\t\t\t\t\t<\/div>\n\t\t<div class=\"elementor-element elementor-element-423b355 vukon-card-row e-con-full e-flex e-con e-child\" data-id=\"423b355\" data-element_type=\"container\" data-e-type=\"container\">\n\t\t<div class=\"elementor-element elementor-element-1c5f8c5 vukon-card-2col e-con-full e-flex e-con e-child\" data-id=\"1c5f8c5\" data-element_type=\"container\" data-e-type=\"container\" data-settings=\"{&quot;background_background&quot;:&quot;classic&quot;}\">\n\t\t\t\t<div class=\"elementor-element elementor-element-0fdb889 elementor-widget elementor-widget-heading\" data-id=\"0fdb889\" data-element_type=\"widget\" data-e-type=\"widget\" data-widget_type=\"heading.default\">\n\t\t\t\t\t<h3 class=\"elementor-heading-title elementor-size-default\">Windows<\/h3>\t\t\t\t<\/div>\n\t\t\t\t<div class=\"elementor-element elementor-element-bc9bf1a elementor-align-center elementor-widget elementor-widget-button\" data-id=\"bc9bf1a\" data-element_type=\"widget\" data-e-type=\"widget\" data-widget_type=\"button.default\">\n\t\t\t\t\t\t\t\t\t\t<a class=\"elementor-button elementor-button-link elementor-size-sm\" href=\"https:\/\/www.vukon.fi\/RemoteSupport\/VUKON_Splashtop.exe\" target=\"_blank\">\n\t\t\t\t\t\t<span class=\"elementor-button-content-wrapper\">\n\t\t\t\t\t\t\t\t\t<span class=\"elementor-button-text\">Download Windows<\/span>\n\t\t\t\t\t<\/span>\n\t\t\t\t\t<\/a>\n\t\t\t\t\t\t\t\t<\/div>\n\t\t\t\t<\/div>\n\t\t<div class=\"elementor-element elementor-element-5e67bda vukon-card-2col e-con-full e-flex e-con e-child\" data-id=\"5e67bda\" data-element_type=\"container\" data-e-type=\"container\" data-settings=\"{&quot;background_background&quot;:&quot;classic&quot;}\">\n\t\t\t\t<div class=\"elementor-element elementor-element-b777945 elementor-widget elementor-widget-heading\" data-id=\"b777945\" data-element_type=\"widget\" data-e-type=\"widget\" data-widget_type=\"heading.default\">\n\t\t\t\t\t<h3 class=\"elementor-heading-title elementor-size-default\">macOS<\/h3>\t\t\t\t<\/div>\n\t\t\t\t<div class=\"elementor-element elementor-element-3accaf5 elementor-align-center elementor-widget elementor-widget-button\" data-id=\"3accaf5\" data-element_type=\"widget\" data-e-type=\"widget\" data-widget_type=\"button.default\">\n\t\t\t\t\t\t\t\t\t\t<a class=\"elementor-button elementor-button-link elementor-size-sm\" href=\"https:\/\/www.vukon.fi\/RemoteSupport\/VUKON_Splashtop.dmg\" target=\"_blank\">\n\t\t\t\t\t\t<span class=\"elementor-button-content-wrapper\">\n\t\t\t\t\t\t\t\t\t<span class=\"elementor-button-text\">Download macOS<\/span>\n\t\t\t\t\t<\/span>\n\t\t\t\t\t<\/a>\n\t\t\t\t\t\t\t\t<\/div>\n\t\t\t\t<\/div>\n\t\t\t\t<\/div>\n\t\t<div class=\"elementor-element elementor-element-ad6cc2b vukon-card-row e-con-full e-flex e-con e-child\" data-id=\"ad6cc2b\" data-element_type=\"container\" data-e-type=\"container\">\n\t\t<div class=\"elementor-element elementor-element-eeba6d0 vukon-card-2col e-con-full e-flex e-con e-child\" data-id=\"eeba6d0\" data-element_type=\"container\" data-e-type=\"container\" data-settings=\"{&quot;background_background&quot;:&quot;classic&quot;}\">\n\t\t\t\t<div class=\"elementor-element elementor-element-9c5b154 elementor-widget elementor-widget-heading\" data-id=\"9c5b154\" data-element_type=\"widget\" data-e-type=\"widget\" data-widget_type=\"heading.default\">\n\t\t\t\t\t<h3 class=\"elementor-heading-title elementor-size-default\">App Store<\/h3>\t\t\t\t<\/div>\n\t\t\t\t<div class=\"elementor-element elementor-element-f08be38 elementor-align-center elementor-widget elementor-widget-button\" data-id=\"f08be38\" data-element_type=\"widget\" data-e-type=\"widget\" data-widget_type=\"button.default\">\n\t\t\t\t\t\t\t\t\t\t<a class=\"elementor-button elementor-button-link elementor-size-sm\" href=\"https:\/\/play.google.com\/store\/apps\/details?id=com.splashtop.sos\" target=\"_blank\">\n\t\t\t\t\t\t<span class=\"elementor-button-content-wrapper\">\n\t\t\t\t\t\t\t\t\t<span class=\"elementor-button-text\">or send an email to<\/span>\n\t\t\t\t\t<\/span>\n\t\t\t\t\t<\/a>\n\t\t\t\t\t\t\t\t<\/div>\n\t\t\t\t<\/div>\n\t\t<div class=\"elementor-element elementor-element-e673472 vukon-card-2col e-con-full e-flex e-con e-child\" data-id=\"e673472\" data-element_type=\"container\" data-e-type=\"container\" data-settings=\"{&quot;background_background&quot;:&quot;classic&quot;}\">\n\t\t\t\t<div class=\"elementor-element elementor-element-712f44f elementor-widget elementor-widget-heading\" data-id=\"712f44f\" data-element_type=\"widget\" data-e-type=\"widget\" data-widget_type=\"heading.default\">\n\t\t\t\t\t<h3 class=\"elementor-heading-title elementor-size-default\">iOS<\/h3>\t\t\t\t<\/div>\n\t\t\t\t<div class=\"elementor-element elementor-element-a147300 elementor-align-center elementor-widget elementor-widget-button\" data-id=\"a147300\" data-element_type=\"widget\" data-e-type=\"widget\" data-widget_type=\"button.default\">\n\t\t\t\t\t\t\t\t\t\t<a class=\"elementor-button elementor-button-link elementor-size-sm\" href=\"https:\/\/apps.apple.com\/us\/app\/splashtop-sos\/id1230853703\" target=\"_blank\">\n\t\t\t\t\t\t<span class=\"elementor-button-content-wrapper\">\n\t\t\t\t\t\t\t\t\t<span class=\"elementor-button-text\">\u2014 we\u2019ll help you with the remote support application installation.<\/span>\n\t\t\t\t\t<\/span>\n\t\t\t\t\t<\/a>\n\t\t\t\t\t\t\t\t<\/div>\n\t\t\t\t<\/div>\n\t\t\t\t<\/div>\n\t\t\t\t<\/div>\n\t\t<div class=\"elementor-element elementor-element-e583d3a e-con-full e-flex e-con e-parent\" data-id=\"e583d3a\" data-element_type=\"container\" data-e-type=\"container\" data-settings=\"{&quot;background_background&quot;:&quot;classic&quot;}\">\n\t\t\t\t<div class=\"elementor-element elementor-element-43307ff elementor-widget elementor-widget-heading\" data-id=\"43307ff\" data-element_type=\"widget\" data-e-type=\"widget\" data-widget_type=\"heading.default\">\n\t\t\t\t\t<h2 class=\"elementor-heading-title elementor-size-default\">Need help?<\/h2>\t\t\t\t<\/div>\n\t\t\t\t<div class=\"elementor-element elementor-element-b22b2e4 elementor-widget elementor-widget-text-editor\" data-id=\"b22b2e4\" data-element_type=\"widget\" data-e-type=\"widget\" data-widget_type=\"text-editor.default\">\n\t\t\t\t\t\t\t\t\t<p style=\"text-align: center; color: rgba(255,255,255,0.85);\">Call <strong>040 5800 738<\/strong> or send an email to <strong>vesa@vukon.fi<\/strong> \u2014 we'll help you install the remote support application.<\/p>\t\t\t\t\t\t\t\t<\/div>\n\t\t\t\t<\/div>\n\t\t\t\t<\/div>","protected":false},"excerpt":{"rendered":"<p>Et\u00e4tuki Lataa et\u00e4tukisovellus, niin voimme auttaa sinua et\u00e4n\u00e4 nopeasti ja turvallisesti. Lataa Splashtop et\u00e4tuki Valitse k\u00e4ytt\u00f6j\u00e4rjestelm\u00e4si ja lataa et\u00e4tukisovellus. Sovellus mahdollistaa turvallisen et\u00e4yhteyden tietokoneellesi. Windows Lataa Windows macOS Lataa macOS Android Google Play iOS App Store Tarvitsetko apua? Soita 040 5800 738 tai l\u00e4het\u00e4 s\u00e4hk\u00f6postia vesa@vukon.fi \u2014 autamme sinua et\u00e4tukisovelluksen asennuksessa.<\/p>","protected":false},"author":1,"featured_media":0,"parent":0,"menu_order":0,"comment_status":"closed","ping_status":"closed","template":"","meta":{"_monsterinsights_skip_tracking":false,"_monsterinsights_sitenote_active":false,"_monsterinsights_sitenote_note":"","_monsterinsights_sitenote_category":0,"footnotes":""},"class_list":["post-73","page","type-page","status-publish","hentry"],"aioseo_notices":[],"_links":{"self":[{"href":"https:\/\/vukon.fi\/en\/wp-json\/wp\/v2\/pages\/73","targetHints":{"allow":["GET"]}}],"collection":[{"href":"https:\/\/vukon.fi\/en\/wp-json\/wp\/v2\/pages"}],"about":[{"href":"https:\/\/vukon.fi\/en\/wp-json\/wp\/v2\/types\/page"}],"author":[{"embeddable":true,"href":"https:\/\/vukon.fi\/en\/wp-json\/wp\/v2\/users\/1"}],"replies":[{"embeddable":true,"href":"https:\/\/vukon.fi\/en\/wp-json\/wp\/v2\/comments?post=73"}],"version-history":[{"count":14,"href":"https:\/\/vukon.fi\/en\/wp-json\/wp\/v2\/pages\/73\/revisions"}],"predecessor-version":[{"id":475,"href":"https:\/\/vukon.fi\/en\/wp-json\/wp\/v2\/pages\/73\/revisions\/475"}],"wp:attachment":[{"href":"https:\/\/vukon.fi\/en\/wp-json\/wp\/v2\/media?parent=73"}],"curies":[{"name":"wp","href":"https:\/\/api.w.org\/{rel}","templated":true}]}}