{"id":71,"date":"2026-03-03T20:34:50","date_gmt":"2026-03-03T20:34:50","guid":{"rendered":"https:\/\/vukon.fi\/ohjelmistot\/"},"modified":"2026-04-05T19:33:03","modified_gmt":"2026-04-05T16:33:03","slug":"ohjelmistot","status":"publish","type":"page","link":"https:\/\/vukon.fi\/en\/ohjelmistot\/","title":{"rendered":"Software"},"content":{"rendered":"<div data-elementor-type=\"wp-page\" data-elementor-id=\"71\" class=\"elementor elementor-71\">\n\t\t\t\t<div class=\"elementor-element elementor-element-a9fd0f5 vukon-hero e-con-full e-flex e-con e-parent\" data-id=\"a9fd0f5\" data-element_type=\"container\" data-e-type=\"container\" data-settings=\"{&quot;background_background&quot;:&quot;classic&quot;}\">\n\t\t\t\t<div class=\"elementor-element elementor-element-e66eb3d elementor-widget elementor-widget-heading\" data-id=\"e66eb3d\" data-element_type=\"widget\" data-e-type=\"widget\" data-widget_type=\"heading.default\">\n\t\t\t\t\t<h1 class=\"elementor-heading-title elementor-size-default\">Software<\/h1>\t\t\t\t<\/div>\n\t\t\t\t<div class=\"elementor-element elementor-element-e7fd1a4 elementor-widget elementor-widget-text-editor\" data-id=\"e7fd1a4\" data-element_type=\"widget\" data-e-type=\"widget\" data-widget_type=\"text-editor.default\">\n\t\t\t\t\t\t\t\t\t<p style=\"text-align: center; color: rgba(255,255,255,0.85);\">We are not a software house.<br \/>Some of the software we build may be useful to others as well. You can download them here.<\/p>\t\t\t\t\t\t\t\t<\/div>\n\t\t\t\t<\/div>\n\t\t<div class=\"elementor-element elementor-element-979a863 e-con-full e-flex e-con e-parent\" data-id=\"979a863\" data-element_type=\"container\" data-e-type=\"container\" data-settings=\"{&quot;background_background&quot;:&quot;classic&quot;}\">\n\t\t\t\t<div class=\"elementor-element elementor-element-262050f elementor-widget elementor-widget-heading\" data-id=\"262050f\" data-element_type=\"widget\" data-e-type=\"widget\" data-widget_type=\"heading.default\">\n\t\t\t\t\t<h2 class=\"elementor-heading-title elementor-size-default\">Software Development<\/h2>\t\t\t\t<\/div>\n\t\t\t\t<div class=\"elementor-element elementor-element-a4d74ab elementor-widget elementor-widget-text-editor\" data-id=\"a4d74ab\" data-element_type=\"widget\" data-e-type=\"widget\" data-widget_type=\"text-editor.default\">\n\t\t\t\t\t\t\t\t\t<p style=\"text-align: center; color: rgba(255,255,255,0.85); max-width: 800px; margin: 0 auto;\">We build software and customizations for our own use and for our clients' specific needs. We do not develop software on commission. We also continue to support older software and customizations, even if they are no longer publicly available.<\/p><p>\u00a0<\/p><p style=\"text-align: center; color: rgba(255,255,255,0.85); max-width: 800px; margin: 0 auto;\">Software intended for a wider audience is primarily made under the VESAN.AI brand and is not directly related to Vukon Oy's operations.\u00a0<\/p>\t\t\t\t\t\t\t\t<\/div>\n\t\t\t\t<\/div>\n\t\t<div class=\"elementor-element elementor-element-e268bcd vukon-section-dark e-con-full e-flex e-con e-parent\" data-id=\"e268bcd\" data-element_type=\"container\" data-e-type=\"container\">\n\t\t<div class=\"elementor-element elementor-element-c0fcbd0 vukon-card-row e-con-full e-flex e-con e-child\" data-id=\"c0fcbd0\" data-element_type=\"container\" data-e-type=\"container\">\n\t\t<div class=\"elementor-element elementor-element-d5fb481 vukon-card-3col e-con-full e-flex e-con e-child\" data-id=\"d5fb481\" data-element_type=\"container\" data-e-type=\"container\" data-settings=\"{&quot;background_background&quot;:&quot;classic&quot;}\">\n\t\t\t\t<div class=\"elementor-element elementor-element-810eacd elementor-widget elementor-widget-heading\" data-id=\"810eacd\" data-element_type=\"widget\" data-e-type=\"widget\" data-widget_type=\"heading.default\">\n\t\t\t\t\t<h3 class=\"elementor-heading-title elementor-size-default\">Custom Applications<\/h3>\t\t\t\t<\/div>\n\t\t\t\t<div class=\"elementor-element elementor-element-e1733f9 elementor-widget elementor-widget-text-editor\" data-id=\"e1733f9\" data-element_type=\"widget\" data-e-type=\"widget\" data-widget_type=\"text-editor.default\">\n\t\t\t\t\t\t\t\t\t<p style=\"color:rgba(255,255,255,0.8);\">When off-the-shelf software isn't enough, we build a custom solution tailored to the client's needs. From design to implementation and maintenance.<\/p>\t\t\t\t\t\t\t\t<\/div>\n\t\t\t\t<\/div>\n\t\t<div class=\"elementor-element elementor-element-01b6554 vukon-card-3col e-con-full e-flex e-con e-child\" data-id=\"01b6554\" data-element_type=\"container\" data-e-type=\"container\" data-settings=\"{&quot;background_background&quot;:&quot;classic&quot;}\">\n\t\t\t\t<div class=\"elementor-element elementor-element-203ab60 elementor-widget elementor-widget-heading\" data-id=\"203ab60\" data-element_type=\"widget\" data-e-type=\"widget\" data-widget_type=\"heading.default\">\n\t\t\t\t\t<h3 class=\"elementor-heading-title elementor-size-default\">Automation and Integrations<\/h3>\t\t\t\t<\/div>\n\t\t\t\t<div class=\"elementor-element elementor-element-4e8f072 elementor-widget elementor-widget-text-editor\" data-id=\"4e8f072\" data-element_type=\"widget\" data-e-type=\"widget\" data-widget_type=\"text-editor.default\">\n\t\t\t\t\t\t\t\t\t<p style=\"color:rgba(255,255,255,0.8);\">We connect systems to each other and automate repetitive tasks. Less manual work, fewer errors.<\/p>\t\t\t\t\t\t\t\t<\/div>\n\t\t\t\t<\/div>\n\t\t<div class=\"elementor-element elementor-element-5f86e46 vukon-card-3col e-con-full e-flex e-con e-child\" data-id=\"5f86e46\" data-element_type=\"container\" data-e-type=\"container\" data-settings=\"{&quot;background_background&quot;:&quot;classic&quot;}\">\n\t\t\t\t<div class=\"elementor-element elementor-element-221f59d elementor-widget elementor-widget-heading\" data-id=\"221f59d\" data-element_type=\"widget\" data-e-type=\"widget\" data-widget_type=\"heading.default\">\n\t\t\t\t\t<h3 class=\"elementor-heading-title elementor-size-default\">Tools and Utilities<\/h3>\t\t\t\t<\/div>\n\t\t\t\t<div class=\"elementor-element elementor-element-fb91248 elementor-widget elementor-widget-text-editor\" data-id=\"fb91248\" data-element_type=\"widget\" data-e-type=\"widget\" data-widget_type=\"text-editor.default\">\n\t\t\t\t\t\t\t\t\t<p style=\"color: rgba(255,255,255,0.8);\">Small and effective tools that save time in daily work. Often the best solution is the simplest one.<\/p>\t\t\t\t\t\t\t\t<\/div>\n\t\t\t\t<\/div>\n\t\t\t\t<\/div>\n\t\t\t\t<\/div>\n\t\t<div class=\"elementor-element elementor-element-9580883 e-con-full e-flex e-con e-parent\" data-id=\"9580883\" data-element_type=\"container\" data-e-type=\"container\" data-settings=\"{&quot;background_background&quot;:&quot;classic&quot;}\">\n\t\t\t\t<\/div>\n\t\t<div class=\"elementor-element elementor-element-185cc19 e-con-full e-flex e-con e-parent\" data-id=\"185cc19\" data-element_type=\"container\" data-e-type=\"container\" data-settings=\"{&quot;background_background&quot;:&quot;classic&quot;}\">\n\t\t\t\t<div class=\"elementor-element elementor-element-eafc3c6 elementor-widget elementor-widget-heading\" data-id=\"eafc3c6\" data-element_type=\"widget\" data-e-type=\"widget\" data-widget_type=\"heading.default\">\n\t\t\t\t\t<h2 class=\"elementor-heading-title elementor-size-default\">Our Products<\/h2>\t\t\t\t<\/div>\n\t\t<div class=\"elementor-element elementor-element-5545911 vukon-card-row e-con-full e-flex e-con e-child\" data-id=\"5545911\" data-element_type=\"container\" data-e-type=\"container\">\n\t\t<div class=\"elementor-element elementor-element-8221fc2 vukon-card-2col e-con-full e-flex e-con e-child\" data-id=\"8221fc2\" data-element_type=\"container\" data-e-type=\"container\" data-settings=\"{&quot;background_background&quot;:&quot;classic&quot;}\">\n\t\t\t\t<div class=\"elementor-element elementor-element-1485b6d elementor-widget elementor-widget-heading\" data-id=\"1485b6d\" data-element_type=\"widget\" data-e-type=\"widget\" data-widget_type=\"heading.default\">\n\t\t\t\t\t<h3 class=\"elementor-heading-title elementor-size-default\">Print2Accounts<\/h3>\t\t\t\t<\/div>\n\t\t\t\t<div class=\"elementor-element elementor-element-b137a63 elementor-widget elementor-widget-text-editor\" data-id=\"b137a63\" data-element_type=\"widget\" data-e-type=\"widget\" data-widget_type=\"text-editor.default\">\n\t\t\t\t\t\t\t\t\t<p>Print receipts, expense reports, and travel invoices directly to Finago Procountor accounting. No more need to print on paper or photograph your computer screen with a phone \u2014 even multi-page receipts go straight to accounting with the push of a button!\u00a0<\/p><p>AI automatically recognizes receipt contents. Using the latest AI models.<br \/><br \/>Paid application.<\/p>\t\t\t\t\t\t\t\t<\/div>\n\t\t\t\t<div class=\"elementor-element elementor-element-55087c7 elementor-align-left elementor-widget elementor-widget-button\" data-id=\"55087c7\" data-element_type=\"widget\" data-e-type=\"widget\" data-widget_type=\"button.default\">\n\t\t\t\t\t\t\t\t\t\t<a class=\"elementor-button elementor-button-link elementor-size-sm\" href=\"\/en\/ohjelmistot\/print2accounts\/\">\n\t\t\t\t\t\t<span class=\"elementor-button-content-wrapper\">\n\t\t\t\t\t\t\t\t\t<span class=\"elementor-button-text\">Read more<\/span>\n\t\t\t\t\t<\/span>\n\t\t\t\t\t<\/a>\n\t\t\t\t\t\t\t\t<\/div>\n\t\t\t\t<\/div>\n\t\t\t\t<\/div>\n\t\t\t\t<\/div>\n\t\t\t\t<\/div>","protected":false},"excerpt":{"rendered":"<p>Ohjelmistot Emme ole ohjelmointitalo.Osa tekemist\u00e4mme ohjelmista voi palvella muitankin. Voit ladata niit\u00e4 t\u00e4\u00e4lt\u00e4. Ohjelmien rakentaminen Rakennamme ohjelmia ja r\u00e4\u00e4t\u00e4l\u00f6intej\u00e4 omaan k\u00e4ytt\u00f6\u00f6mme ja asiakkaillemme erityiseen k\u00e4ytt\u00f6tarkoitukseen. Emme tee ohjelmia tilauksesta. Tuemme edelleen my\u00f6s vanhoja ohjelmia ja r\u00e4\u00e4t\u00e4l\u00f6intej\u00e4, vaikka ne eiv\u00e4t olisi julkisessa jakelussa. \u00a0 Muille kuin asiakkaillemme tarkoitetut ohjelmat on tehty p\u00e4\u00e4asiassa VESAN.AI brandilla eiv\u00e4tk\u00e4 suoraan&#8230;<\/p>","protected":false},"author":1,"featured_media":0,"parent":0,"menu_order":0,"comment_status":"closed","ping_status":"closed","template":"","meta":{"_monsterinsights_skip_tracking":false,"_monsterinsights_sitenote_active":false,"_monsterinsights_sitenote_note":"","_monsterinsights_sitenote_category":0,"footnotes":""},"class_list":["post-71","page","type-page","status-publish","hentry"],"aioseo_notices":[],"_links":{"self":[{"href":"https:\/\/vukon.fi\/en\/wp-json\/wp\/v2\/pages\/71","targetHints":{"allow":["GET"]}}],"collection":[{"href":"https:\/\/vukon.fi\/en\/wp-json\/wp\/v2\/pages"}],"about":[{"href":"https:\/\/vukon.fi\/en\/wp-json\/wp\/v2\/types\/page"}],"author":[{"embeddable":true,"href":"https:\/\/vukon.fi\/en\/wp-json\/wp\/v2\/users\/1"}],"replies":[{"embeddable":true,"href":"https:\/\/vukon.fi\/en\/wp-json\/wp\/v2\/comments?post=71"}],"version-history":[{"count":38,"href":"https:\/\/vukon.fi\/en\/wp-json\/wp\/v2\/pages\/71\/revisions"}],"predecessor-version":[{"id":471,"href":"https:\/\/vukon.fi\/en\/wp-json\/wp\/v2\/pages\/71\/revisions\/471"}],"wp:attachment":[{"href":"https:\/\/vukon.fi\/en\/wp-json\/wp\/v2\/media?parent=71"}],"curies":[{"name":"wp","href":"https:\/\/api.w.org\/{rel}","templated":true}]}}