{"id":465,"date":"2026-04-05T18:34:50","date_gmt":"2026-04-05T15:34:50","guid":{"rendered":"https:\/\/vukon.fi\/tietosuojaseloste\/"},"modified":"2026-04-06T17:30:53","modified_gmt":"2026-04-06T14:30:53","slug":"tietosuojaseloste","status":"publish","type":"page","link":"https:\/\/vukon.fi\/en\/tietosuojaseloste\/","title":{"rendered":"Tietosuojaseloste"},"content":{"rendered":"<div data-elementor-type=\"wp-page\" data-elementor-id=\"465\" class=\"elementor elementor-465\">\n\t\t\t\t<div class=\"elementor-element elementor-element-2699bd7 e-con-full vukon-section-dark e-flex e-con e-parent\" data-id=\"2699bd7\" data-element_type=\"container\" data-e-type=\"container\" data-settings=\"{&quot;background_background&quot;:&quot;classic&quot;}\">\n\t\t\t\t<div class=\"elementor-element elementor-element-259b903 elementor-widget elementor-widget-heading\" data-id=\"259b903\" data-element_type=\"widget\" data-e-type=\"widget\" data-widget_type=\"heading.default\">\n\t\t\t\t\t<h1 class=\"elementor-heading-title elementor-size-default\">Tietosuojaseloste<\/h1>\t\t\t\t<\/div>\n\t\t\t\t<div class=\"elementor-element elementor-element-4c9db2d elementor-widget elementor-widget-text-editor\" data-id=\"4c9db2d\" data-element_type=\"widget\" data-e-type=\"widget\" data-widget_type=\"text-editor.default\">\n\t\t\t\t\t\t\t\t\t<p style=\"text-align: center;\">Vukon Oy:n tietosuojaseloste kuvaa, miten k\u00e4sittelemme henkil\u00f6tietoja palveluidemme yhteydess\u00e4.<\/p>\t\t\t\t\t\t\t\t<\/div>\n\t\t\t\t<\/div>\n\t\t<div class=\"elementor-element elementor-element-7de53d9 e-flex e-con-boxed e-con e-parent\" data-id=\"7de53d9\" data-element_type=\"container\" data-e-type=\"container\" data-settings=\"{&quot;background_background&quot;:&quot;classic&quot;}\">\n\t\t\t\t\t<div class=\"e-con-inner\">\n\t\t\t\t<div class=\"elementor-element elementor-element-7d80c96 elementor-widget elementor-widget-text-editor\" data-id=\"7d80c96\" data-element_type=\"widget\" data-e-type=\"widget\" data-widget_type=\"text-editor.default\">\n\t\t\t\t\t\t\t\t\t<h2 style=\"color: #a78bfa; margin-bottom: 15px;\">Rekisterinpit\u00e4j\u00e4<\/h2><p><strong>Vukon Oy<\/strong><br \/>Business ID: 1702177-2<br \/>Yhteyshenkil\u00f6: Vesa Pajula<\/p><h2 style=\"color: #a78bfa; margin-top: 40px; margin-bottom: 15px;\">Henkil\u00f6tietojen k\u00e4sittelyn tarkoitus<\/h2><p>K\u00e4sittelemme henkil\u00f6tietoja asiakassuhteen hoitamiseksi, palveluiden tuottamiseksi ja yhteydenottoihin vastaamiseksi.<\/p><h2 style=\"color: #a78bfa; margin-top: 40px; margin-bottom: 15px;\">K\u00e4sitelt\u00e4v\u00e4t henkil\u00f6tiedot<\/h2><p>Ker\u00e4\u00e4mme vain palvelun kannalta tarpeellisia tietoja: nimi, s\u00e4hk\u00f6postiosoite, puhelinnumero ja yrityksen tiedot.<\/p><h2 style=\"color: #a78bfa; margin-top: 40px; margin-bottom: 15px;\">Tietojen s\u00e4ilytys ja suojaus<\/h2><p>Henkil\u00f6tietoja s\u00e4ilytet\u00e4\u00e4n vain niin kauan kuin asiakassuhde edellytt\u00e4\u00e4. Tiedot suojataan asianmukaisilla teknisill\u00e4 ja organisatorisilla toimenpiteill\u00e4.<\/p><h2 style=\"color: #a78bfa; margin-top: 40px; margin-bottom: 15px;\">Rekister\u00f6idyn oikeudet<\/h2><p>Sinulla on oikeus tarkastaa, oikaista ja poistaa henkil\u00f6tietosi. Voit my\u00f6s vastustaa tietojen k\u00e4sittely\u00e4 tai pyyt\u00e4\u00e4 tietojen siirtoa. Ota yhteytt\u00e4 rekisterinpit\u00e4j\u00e4\u00e4n oikeuksiesi k\u00e4ytt\u00e4miseksi.<\/p><h2 style=\"color: #a78bfa; margin-top: 40px; margin-bottom: 15px;\">Ev\u00e4steet<\/h2><p>Sivustomme k\u00e4ytt\u00e4\u00e4 teknisi\u00e4 ev\u00e4steit\u00e4 toiminnallisuuden varmistamiseksi. Analytiikkaev\u00e4steit\u00e4 k\u00e4ytet\u00e4\u00e4n sivuston kehitt\u00e4miseen.<\/p><h2 style=\"color: #a78bfa; margin-top: 40px; margin-bottom: 15px;\">Muutokset tietosuojaselosteeseen<\/h2><p>Pid\u00e4t\u00e4mme oikeuden p\u00e4ivitt\u00e4\u00e4 t\u00e4t\u00e4 tietosuojaselostetta. Muutokset julkaistaan t\u00e4ll\u00e4 sivulla.<\/p>\t\t\t\t\t\t\t\t<\/div>\n\t\t\t\t\t<\/div>\n\t\t\t\t<\/div>\n\t\t\t\t<\/div>","protected":false},"excerpt":{"rendered":"<p>Tietosuojaseloste Vukon Oy:n tietosuojaseloste kuvaa, miten k\u00e4sittelemme henkil\u00f6tietoja palveluidemme yhteydess\u00e4. Rekisterinpit\u00e4j\u00e4 Vukon OyY-tunnus: 1702177-2Yhteyshenkil\u00f6: Vesa Pajula Henkil\u00f6tietojen k\u00e4sittelyn tarkoitus K\u00e4sittelemme henkil\u00f6tietoja asiakassuhteen hoitamiseksi, palveluiden tuottamiseksi ja yhteydenottoihin vastaamiseksi. K\u00e4sitelt\u00e4v\u00e4t henkil\u00f6tiedot Ker\u00e4\u00e4mme vain palvelun kannalta tarpeellisia tietoja: nimi, s\u00e4hk\u00f6postiosoite, puhelinnumero ja yrityksen tiedot. Tietojen s\u00e4ilytys ja suojaus Henkil\u00f6tietoja s\u00e4ilytet\u00e4\u00e4n vain niin kauan kuin asiakassuhde edellytt\u00e4\u00e4. Tiedot&#8230;<\/p>","protected":false},"author":2,"featured_media":0,"parent":0,"menu_order":0,"comment_status":"closed","ping_status":"closed","template":"","meta":{"_monsterinsights_skip_tracking":false,"_monsterinsights_sitenote_active":false,"_monsterinsights_sitenote_note":"","_monsterinsights_sitenote_category":0,"footnotes":""},"class_list":["post-465","page","type-page","status-publish","hentry"],"aioseo_notices":[],"_links":{"self":[{"href":"https:\/\/vukon.fi\/en\/wp-json\/wp\/v2\/pages\/465","targetHints":{"allow":["GET"]}}],"collection":[{"href":"https:\/\/vukon.fi\/en\/wp-json\/wp\/v2\/pages"}],"about":[{"href":"https:\/\/vukon.fi\/en\/wp-json\/wp\/v2\/types\/page"}],"author":[{"embeddable":true,"href":"https:\/\/vukon.fi\/en\/wp-json\/wp\/v2\/users\/2"}],"replies":[{"embeddable":true,"href":"https:\/\/vukon.fi\/en\/wp-json\/wp\/v2\/comments?post=465"}],"version-history":[{"count":9,"href":"https:\/\/vukon.fi\/en\/wp-json\/wp\/v2\/pages\/465\/revisions"}],"predecessor-version":[{"id":478,"href":"https:\/\/vukon.fi\/en\/wp-json\/wp\/v2\/pages\/465\/revisions\/478"}],"wp:attachment":[{"href":"https:\/\/vukon.fi\/en\/wp-json\/wp\/v2\/media?parent=465"}],"curies":[{"name":"wp","href":"https:\/\/api.w.org\/{rel}","templated":true}]}}