{"id":26,"date":"2026-02-24T11:03:40","date_gmt":"2026-02-24T11:03:40","guid":{"rendered":"https:\/\/vukon.fi\/home\/"},"modified":"2026-04-03T00:01:58","modified_gmt":"2026-04-02T21:01:58","slug":"etusivu","status":"publish","type":"page","link":"https:\/\/vukon.fi\/en\/","title":{"rendered":"Home"},"content":{"rendered":"<div data-elementor-type=\"wp-page\" data-elementor-id=\"26\" class=\"elementor elementor-26\">\n\t\t\t\t<div class=\"elementor-element elementor-element-564e5629 e-con-full vukon-hero e-flex e-con e-parent\" data-id=\"564e5629\" data-element_type=\"container\" data-e-type=\"container\" data-settings=\"{&quot;background_background&quot;:&quot;classic&quot;}\">\n\t\t\t\t<div class=\"elementor-element elementor-element-4c07f3c elementor-widget elementor-widget-heading\" data-id=\"4c07f3c\" data-element_type=\"widget\" data-e-type=\"widget\" data-widget_type=\"heading.default\">\n\t\t\t\t\t<h1 class=\"elementor-heading-title elementor-size-default\">Your IT department where a familiar person answers<\/h1>\t\t\t\t<\/div>\n\t\t\t\t<div class=\"elementor-element elementor-element-a72b362 elementor-widget elementor-widget-text-editor\" data-id=\"a72b362\" data-element_type=\"widget\" data-e-type=\"widget\" data-widget_type=\"text-editor.default\">\n\t\t\t\t\t\t\t\t\t<p>Personal, proactive IT services for your business. We understand your operations, anticipate your needs, and handle your IT \u2014 so you can focus on your work.<\/p>\t\t\t\t\t\t\t\t<\/div>\n\t\t<div class=\"elementor-element elementor-element-cb71bf1 e-con-full e-flex e-con e-child\" data-id=\"cb71bf1\" data-element_type=\"container\" data-e-type=\"container\">\n\t\t\t\t<div class=\"elementor-element elementor-element-4d4dddd elementor-align-center elementor-widget elementor-widget-button\" data-id=\"4d4dddd\" data-element_type=\"widget\" data-e-type=\"widget\" data-widget_type=\"button.default\">\n\t\t\t\t\t\t\t\t\t\t<a class=\"elementor-button elementor-button-link elementor-size-md\" href=\"\/en\/ota-yhteytta\/\">\n\t\t\t\t\t\t<span class=\"elementor-button-content-wrapper\">\n\t\t\t\t\t\t\t\t\t<span class=\"elementor-button-text\">Contact Us<\/span>\n\t\t\t\t\t<\/span>\n\t\t\t\t\t<\/a>\n\t\t\t\t\t\t\t\t<\/div>\n\t\t\t\t<div class=\"elementor-element elementor-element-579f6f6 elementor-align-center elementor-widget elementor-widget-button\" data-id=\"579f6f6\" data-element_type=\"widget\" data-e-type=\"widget\" data-widget_type=\"button.default\">\n\t\t\t\t\t\t\t\t\t\t<a class=\"elementor-button elementor-button-link elementor-size-md\" href=\"tel:0405800738\">\n\t\t\t\t\t\t<span class=\"elementor-button-content-wrapper\">\n\t\t\t\t\t\t\t\t\t<span class=\"elementor-button-text\">040 5800 738<\/span>\n\t\t\t\t\t<\/span>\n\t\t\t\t\t<\/a>\n\t\t\t\t\t\t\t\t<\/div>\n\t\t\t\t<\/div>\n\t\t\t\t<\/div>\n\t\t<div class=\"elementor-element elementor-element-5551a712 e-con-full e-flex e-con e-parent\" data-id=\"5551a712\" data-element_type=\"container\" data-e-type=\"container\">\n\t\t\t\t<div class=\"elementor-element elementor-element-f213849 elementor-widget elementor-widget-heading\" data-id=\"f213849\" data-element_type=\"widget\" data-e-type=\"widget\" data-widget_type=\"heading.default\">\n\t\t\t\t\t<h2 class=\"elementor-heading-title elementor-size-default\">Our Services<\/h2>\t\t\t\t<\/div>\n\t\t\t\t<div class=\"elementor-element elementor-element-1e10c6c elementor-widget elementor-widget-text-editor\" data-id=\"1e10c6c\" data-element_type=\"widget\" data-e-type=\"widget\" data-widget_type=\"text-editor.default\">\n\t\t\t\t\t\t\t\t\t<p style=\"text-align: center;\">Comprehensive IT department services \u2014 always from a familiar, reliable person \u2014 who <em>won't try to sell you anything<\/em> and won't try to do everything <em>with our services.<\/em> Problems get solved and things get done for you in a sensible way.<\/p>\t\t\t\t\t\t\t\t<\/div>\n\t\t<div class=\"elementor-element elementor-element-27b6b1f e-con-full vukon-card-row e-flex e-con e-child\" data-id=\"27b6b1f\" data-element_type=\"container\" data-e-type=\"container\">\n\t\t<div class=\"elementor-element elementor-element-7970a31 e-con-full vukon-card vukon-card-2col vukon-card-dark e-flex e-con e-child\" data-id=\"7970a31\" data-element_type=\"container\" data-e-type=\"container\" data-settings=\"{&quot;background_background&quot;:&quot;classic&quot;}\">\n\t\t\t\t<div class=\"elementor-element elementor-element-3707aa4 elementor-widget elementor-widget-heading\" data-id=\"3707aa4\" data-element_type=\"widget\" data-e-type=\"widget\" data-widget_type=\"heading.default\">\n\t\t\t\t\t<h3 class=\"elementor-heading-title elementor-size-default\">IT Support<\/h3>\t\t\t\t<\/div>\n\t\t\t\t<div class=\"elementor-element elementor-element-2593f05 elementor-widget elementor-widget-text-editor\" data-id=\"2593f05\" data-element_type=\"widget\" data-e-type=\"widget\" data-widget_type=\"text-editor.default\">\n\t\t\t\t\t\t\t\t\t<p>The helpdesk, the company's IT nerd, the basement guy, the one you call when your computers drive you crazy. A necessary evil to have \u2014 but what if IT support could also be your strength?<\/p>\n<p><a href=\"\/en\/palvelut\/\">Read more \u2192<\/a><\/p>\t\t\t\t\t\t\t\t<\/div>\n\t\t\t\t<\/div>\n\t\t<div class=\"elementor-element elementor-element-f22b976 e-con-full vukon-card vukon-card-2col vukon-card-dark e-flex e-con e-child\" data-id=\"f22b976\" data-element_type=\"container\" data-e-type=\"container\" data-settings=\"{&quot;background_background&quot;:&quot;classic&quot;}\">\n\t\t\t\t<div class=\"elementor-element elementor-element-bcba1e6 elementor-widget elementor-widget-heading\" data-id=\"bcba1e6\" data-element_type=\"widget\" data-e-type=\"widget\" data-widget_type=\"heading.default\">\n\t\t\t\t\t<h3 class=\"elementor-heading-title elementor-size-default\">IT Maintenance<\/h3>\t\t\t\t<\/div>\n\t\t\t\t<div class=\"elementor-element elementor-element-34c94a2 elementor-widget elementor-widget-text-editor\" data-id=\"34c94a2\" data-element_type=\"widget\" data-e-type=\"widget\" data-widget_type=\"text-editor.default\">\n\t\t\t\t\t\t\t\t\t<p>The often-forgotten big brother of IT support. Outsourcing IT often means that nobody actually ensures the whole setup works and is modern, secure, and properly scaled.<\/p>\n<p><a href=\"\/en\/palvelut\/\">Read more \u2192<\/a><\/p>\t\t\t\t\t\t\t\t<\/div>\n\t\t\t\t<\/div>\n\t\t\t\t<\/div>\n\t\t<div class=\"elementor-element elementor-element-4e1ebb5 e-con-full vukon-card-row e-flex e-con e-child\" data-id=\"4e1ebb5\" data-element_type=\"container\" data-e-type=\"container\">\n\t\t<div class=\"elementor-element elementor-element-99ac913 e-con-full vukon-card vukon-card-3col e-flex e-con e-child\" data-id=\"99ac913\" data-element_type=\"container\" data-e-type=\"container\" data-settings=\"{&quot;background_background&quot;:&quot;classic&quot;}\">\n\t\t\t\t<div class=\"elementor-element elementor-element-1896d0f elementor-widget elementor-widget-heading\" data-id=\"1896d0f\" data-element_type=\"widget\" data-e-type=\"widget\" data-widget_type=\"heading.default\">\n\t\t\t\t\t<h3 class=\"elementor-heading-title elementor-size-default\">Cloud &amp; Infrastructure<\/h3>\t\t\t\t<\/div>\n\t\t\t\t<div class=\"elementor-element elementor-element-30846ce elementor-widget elementor-widget-text-editor\" data-id=\"30846ce\" data-element_type=\"widget\" data-e-type=\"widget\" data-widget_type=\"text-editor.default\">\n\t\t\t\t\t\t\t\t\t<p>Moved to the cloud and forgotten, just paying the bill? The magic words for small businesses: Microsoft 365, Azure, Entra, AWS, cloud migrations, and cost optimization. And especially Managed PC management.<\/p>\n<p><a href=\"\/en\/palvelut\/\">Read more \u2192<\/a><\/p>\t\t\t\t\t\t\t\t<\/div>\n\t\t\t\t<\/div>\n\t\t<div class=\"elementor-element elementor-element-e3ef697 e-con-full vukon-card vukon-card-3col e-flex e-con e-child\" data-id=\"e3ef697\" data-element_type=\"container\" data-e-type=\"container\" data-settings=\"{&quot;background_background&quot;:&quot;classic&quot;}\">\n\t\t\t\t<div class=\"elementor-element elementor-element-710a9ab elementor-widget elementor-widget-heading\" data-id=\"710a9ab\" data-element_type=\"widget\" data-e-type=\"widget\" data-widget_type=\"heading.default\">\n\t\t\t\t\t<h3 class=\"elementor-heading-title elementor-size-default\">AI<\/h3>\t\t\t\t<\/div>\n\t\t\t\t<div class=\"elementor-element elementor-element-2b8348b elementor-widget elementor-widget-text-editor\" data-id=\"2b8348b\" data-element_type=\"widget\" data-e-type=\"widget\" data-widget_type=\"text-editor.default\">\n\t\t\t\t\t\t\t\t\t<p>Is a chatbot enough? AI brings a new leap in productivity for SMBs. Our role as a partner is to also know how to bring AI models into everyday business operations \u2014 by brainstorming, guiding, training, and creating AI-driven solutions.<\/p>\n<p><a href=\"\/en\/palvelut\/\">Read more \u2192<\/a><\/p>\t\t\t\t\t\t\t\t<\/div>\n\t\t\t\t<\/div>\n\t\t<div class=\"elementor-element elementor-element-59fa21b e-con-full vukon-card vukon-card-3col e-flex e-con e-child\" data-id=\"59fa21b\" data-element_type=\"container\" data-e-type=\"container\" data-settings=\"{&quot;background_background&quot;:&quot;classic&quot;}\">\n\t\t\t\t<div class=\"elementor-element elementor-element-698e456 elementor-widget elementor-widget-heading\" data-id=\"698e456\" data-element_type=\"widget\" data-e-type=\"widget\" data-widget_type=\"heading.default\">\n\t\t\t\t\t<h3 class=\"elementor-heading-title elementor-size-default\">Development<\/h3>\t\t\t\t<\/div>\n\t\t\t\t<div class=\"elementor-element elementor-element-55a4dd7 elementor-widget elementor-widget-text-editor\" data-id=\"55a4dd7\" data-element_type=\"widget\" data-e-type=\"widget\" data-widget_type=\"text-editor.default\">\n\t\t\t\t\t\t\t\t\t<p>A good IT department is proactive \u2014 it tells you where you can improve, where to streamline, and what IT can enable, without you always having to know what to ask. A good IT department also knows how to automate and develop workflows as part of daily work.<br \/><br \/><a href=\"\/en\/palvelut\/\">Read more \u2192<\/a><\/p>\t\t\t\t\t\t\t\t<\/div>\n\t\t\t\t<\/div>\n\t\t\t\t<\/div>\n\t\t\t\t<\/div>\n\t\t<div class=\"elementor-element elementor-element-c686ec67 e-con-full vukon-case-carousel e-flex e-con e-parent\" data-id=\"c686ec67\" data-element_type=\"container\" data-e-type=\"container\" data-settings=\"{&quot;background_background&quot;:&quot;classic&quot;}\">\n\t\t\t\t<div class=\"elementor-element elementor-element-912d0fd9 elementor-widget elementor-widget-text-editor\" data-id=\"912d0fd9\" data-element_type=\"widget\" data-e-type=\"widget\" data-widget_type=\"text-editor.default\">\n\t\t\t\t\t\t\t\t\t<figure class=\"wp-block-image alignfull size-full\"><img fetchpriority=\"high\" decoding=\"async\" width=\"1920\" height=\"1076\" class=\"wp-image-99\" src=\"A Familiar Person Answers\" alt=\"IT-ammattilaiset ty\u00f6skentelev\u00e4t modernissa toimistossa\" srcset=\"\" sizes=\"(max-width: 1920px) 100vw, 1920px\" data-srcset=\"\" \/><\/figure>\t\t\t\t\t\t\t\t<\/div>\n\t\t\t\t<\/div>\n\t\t<div class=\"elementor-element elementor-element-62fa7a18 e-con-full e-flex e-con e-parent\" data-id=\"62fa7a18\" data-element_type=\"container\" data-e-type=\"container\">\n\t\t\t\t<div class=\"elementor-element elementor-element-efc0980 elementor-widget elementor-widget-heading\" data-id=\"efc0980\" data-element_type=\"widget\" data-e-type=\"widget\" data-widget_type=\"heading.default\">\n\t\t\t\t\t<h2 class=\"elementor-heading-title elementor-size-default\">IT-services for VIPs<\/h2>\t\t\t\t<\/div>\n\t\t<div class=\"elementor-element elementor-element-4acf9e4 e-con-full vukon-card-row e-flex e-con e-child\" data-id=\"4acf9e4\" data-element_type=\"container\" data-e-type=\"container\">\n\t\t<div class=\"elementor-element elementor-element-493e59d e-con-full vukon-card vukon-card-3col e-flex e-con e-child\" data-id=\"493e59d\" data-element_type=\"container\" data-e-type=\"container\" data-settings=\"{&quot;background_background&quot;:&quot;classic&quot;}\">\n\t\t\t\t<div class=\"elementor-element elementor-element-8002b2f elementor-widget elementor-widget-heading\" data-id=\"8002b2f\" data-element_type=\"widget\" data-e-type=\"widget\" data-widget_type=\"heading.default\">\n\t\t\t\t\t<h3 class=\"elementor-heading-title elementor-size-default\">A Familiar Person Answers<\/h3>\t\t\t\t<\/div>\n\t\t\t\t<div class=\"elementor-element elementor-element-7e99d17 elementor-widget elementor-widget-text-editor\" data-id=\"7e99d17\" data-element_type=\"widget\" data-e-type=\"widget\" data-widget_type=\"text-editor.default\">\n\t\t\t\t\t\t\t\t\t<p>No ticket systems, no queuing, no rotating staff. When you reach out, a person who knows your company, your employees, your strategy, and your management answers. You don't have to explain and sort out the same things over and over again.<\/p>\t\t\t\t\t\t\t\t<\/div>\n\t\t\t\t<\/div>\n\t\t<div class=\"elementor-element elementor-element-34d3599 e-con-full vukon-card vukon-card-3col e-flex e-con e-child\" data-id=\"34d3599\" data-element_type=\"container\" data-e-type=\"container\" data-settings=\"{&quot;background_background&quot;:&quot;classic&quot;}\">\n\t\t\t\t<div class=\"elementor-element elementor-element-110cfa7 elementor-widget elementor-widget-heading\" data-id=\"110cfa7\" data-element_type=\"widget\" data-e-type=\"widget\" data-widget_type=\"heading.default\">\n\t\t\t\t\t<h3 class=\"elementor-heading-title elementor-size-default\">Proactive IT Work<\/h3>\t\t\t\t<\/div>\n\t\t\t\t<div class=\"elementor-element elementor-element-bc72c43 elementor-widget elementor-widget-text-editor\" data-id=\"bc72c43\" data-element_type=\"widget\" data-e-type=\"widget\" data-widget_type=\"text-editor.default\">\n\t\t\t\t\t\t\t\t\t<p>We're not just a \"helpdesk\" \u2014 we anticipate what's coming and know how to steer your company's IT operations in a direction that is cost-effective, employee-friendly, and supports your business. We help with next year's budgeting, plan device lifecycles, and know which software best serves your operations.<\/p>\t\t\t\t\t\t\t\t<\/div>\n\t\t\t\t<\/div>\n\t\t<div class=\"elementor-element elementor-element-ee646d7 e-con-full vukon-card vukon-card-3col e-flex e-con e-child\" data-id=\"ee646d7\" data-element_type=\"container\" data-e-type=\"container\" data-settings=\"{&quot;background_background&quot;:&quot;classic&quot;}\">\n\t\t\t\t<div class=\"elementor-element elementor-element-553b9e4 elementor-widget elementor-widget-heading\" data-id=\"553b9e4\" data-element_type=\"widget\" data-e-type=\"widget\" data-widget_type=\"heading.default\">\n\t\t\t\t\t<h3 class=\"elementor-heading-title elementor-size-default\">We Know Your Business<\/h3>\t\t\t\t<\/div>\n\t\t\t\t<div class=\"elementor-element elementor-element-4d0a5dc elementor-widget elementor-widget-text-editor\" data-id=\"4d0a5dc\" data-element_type=\"widget\" data-e-type=\"widget\" data-widget_type=\"text-editor.default\">\n\t\t\t\t\t\t\t\t\t<p>Is it odd that your IT guy asks about your work? Or how the company is doing, where your clients come from, or how meetings went? We don't think so. For an IT department to truly help, it needs to understand how your business operates. We find ways to enhance and develop your business through technology.<\/p>\t\t\t\t\t\t\t\t<\/div>\n\t\t\t\t<\/div>\n\t\t\t\t<\/div>\n\t\t\t\t<\/div>\n\t\t<div class=\"elementor-element elementor-element-5db548b2 e-con-full vukon-section-dark e-flex e-con e-parent\" data-id=\"5db548b2\" data-element_type=\"container\" data-e-type=\"container\">\n\t\t\t\t<div class=\"elementor-element elementor-element-1e26f130 elementor-widget elementor-widget-text-editor\" data-id=\"1e26f130\" data-element_type=\"widget\" data-e-type=\"widget\" data-widget_type=\"text-editor.default\">\n\t\t\t\t\t\t\t\t\t<div class=\"wp-block-group alignfull is-style-ext-preset--group--natural-1--section\" style=\"margin-top: 0; margin-bottom: 0; padding-top: var(--wp--preset--spacing--70); padding-bottom: var(--wp--preset--spacing--70);\">\n<h2 class=\"wp-block-heading\">Clear, Sensible Pricing<\/h2>\n\n<div class=\"wp-block-group is-style-ext-preset--group--natural-1--item-card-1--align-center\" style=\"padding: var(--wp--preset--spacing--50);\"><div class=\"wp-block-group__inner-container is-layout-constrained wp-container-core-group-is-layout-e0c15efe wp-block-group-is-layout-constrained\">\n<h3 class=\"wp-block-heading\" style=\"font-weight: bold;\">115 \u20ac\/h<\/h3>\n\n<p>No project fees, travel fees, or monthly charges. One rate for all types of work.<\/p>\n<p style=\"text-align: center;\">Vukon Oy's client base has remained nearly unchanged for the past 20 years. We don't chase rapid growth or quick wins \u2014 we're only interested in long-term, quality partnerships and a client count where we can treat everyone as a VIP. That's why we don't market \"free initial assessments\" or use deceptive, unsustainable introductory pricing.\u00a0<\/p>\n<p style=\"text-align: center;\">If you're interested in becoming a client, take a look at our <a title=\"About Us\" href=\"https:\/\/vukon.fi\/en\/meista\/\">About Us<\/a> page and get in touch \u2014 let's see if we're a good fit for each other.<\/p>\n\n<div class=\"wp-block-buttons is-content-justification-center is-layout-flex wp-container-core-buttons-is-layout-16018d1d wp-block-buttons-is-layout-flex\"><\/div>\n<\/div><\/div>\n<\/div>\t\t\t\t\t\t\t\t<\/div>\n\t\t\t\t<\/div>\n\t\t<div class=\"elementor-element elementor-element-aabc7aef e-con-full e-flex e-con e-parent\" data-id=\"aabc7aef\" data-element_type=\"container\" data-e-type=\"container\">\n\t\t\t\t<div class=\"elementor-element elementor-element-1dd0760a elementor-widget elementor-widget-text-editor\" data-id=\"1dd0760a\" data-element_type=\"widget\" data-e-type=\"widget\" data-widget_type=\"text-editor.default\">\n\t\t\t\t\t\t\t\t\t<figure class=\"wp-block-image alignfull size-full\"><img decoding=\"async\" width=\"1456\" height=\"816\" class=\"wp-image-101\" src=\"by phone\" alt=\"Videoneuvottelu ja et\u00e4ty\u00f6\" srcset=\"\" sizes=\"(max-width: 1456px) 100vw, 1456px\" data-srcset=\"\" \/><\/figure>\t\t\t\t\t\t\t\t<\/div>\n\t\t\t\t<\/div>\n\t\t<div class=\"elementor-element elementor-element-b26153b2 e-con-full vukon-section-contact e-flex e-con e-parent\" data-id=\"b26153b2\" data-element_type=\"container\" data-e-type=\"container\">\n\t\t\t\t<div class=\"elementor-element elementor-element-ab2c575 elementor-widget elementor-widget-heading\" data-id=\"ab2c575\" data-element_type=\"widget\" data-e-type=\"widget\" data-widget_type=\"heading.default\">\n\t\t\t\t\t<h2 class=\"elementor-heading-title elementor-size-default\">Get in Touch However You Want, Whenever You Want<\/h2>\t\t\t\t<\/div>\n\t\t\t\t<div class=\"elementor-element elementor-element-e980380 elementor-widget elementor-widget-text-editor\" data-id=\"e980380\" data-element_type=\"widget\" data-e-type=\"widget\" data-widget_type=\"text-editor.default\">\n\t\t\t\t\t\t\t\t\t<p style=\"text-align: center;\">Call, WhatsApp, text, send an email \u2014 choose your weapon and set your own hours. We respond and handle your matter quickly and efficiently, even outside so-called office hours. And yes, we actually call you back if we can't answer right away.<\/p>\t\t\t\t\t\t\t\t<\/div>\n\t\t<div class=\"elementor-element elementor-element-5b1218c e-con-full vukon-card-row e-flex e-con e-child\" data-id=\"5b1218c\" data-element_type=\"container\" data-e-type=\"container\">\n\t\t<div class=\"elementor-element elementor-element-7c46c01 e-con-full vukon-card vukon-card-2col e-flex e-con e-child\" data-id=\"7c46c01\" data-element_type=\"container\" data-e-type=\"container\" data-settings=\"{&quot;background_background&quot;:&quot;classic&quot;}\">\n\t\t\t\t<div class=\"elementor-element elementor-element-4e8ead6 elementor-widget elementor-widget-text-editor\" data-id=\"4e8ead6\" data-element_type=\"widget\" data-e-type=\"widget\" data-widget_type=\"text-editor.default\">\n\t\t\t\t\t\t\t\t\t<p>by phone<br \/><a href=\"tel:0405800738\">040 5800 738<\/a><\/p>\n<p>by email<br \/><a href=\"mailto:hello@vukon.fi\">Business ID: 1702177-2<\/a><\/p>\n<p id=\"vukon-msg-icons\">\u00a0<\/p>\t\t\t\t\t\t\t\t<\/div>\n\t\t\t\t<\/div>\n\t\t<div class=\"elementor-element elementor-element-126d028 e-con-full vukon-card vukon-card-2col e-flex e-con e-child\" data-id=\"126d028\" data-element_type=\"container\" data-e-type=\"container\" data-settings=\"{&quot;background_background&quot;:&quot;classic&quot;}\">\n\t\t\t\t<div class=\"elementor-element elementor-element-3a3ba72 elementor-widget elementor-widget-text-editor\" data-id=\"3a3ba72\" data-element_type=\"widget\" data-e-type=\"widget\" data-widget_type=\"text-editor.default\">\n\t\t\t\t\t\t\t\t\t<p><strong>Vukon Oy<\/strong><br \/>Nissaksentie 3 B 11<br \/>01200 Vantaa<br \/>Finland<\/p>\n<p>Business ID: 1702177-2<\/p>\t\t\t\t\t\t\t\t<\/div>\n\t\t\t\t<\/div>\n\t\t\t\t<\/div>\n\t\t\t\t<\/div>\n\t\t\t\t<\/div>","protected":false},"excerpt":{"rendered":"<p>IT-osasto, jossa vastaa tuttu ihminen Henkil\u00f6kohtaista, proaktiivista IT-palvelua yrityksellesi. Tunnemme liiketoimintasi ja henkil\u00f6st\u00f6si \u2014 emme ole vain helpdesk, olemme osa tiimi\u00e4si. Ota yhteytt\u00e4 040 5800 738 Palvelumme Kattavat IT-osaston palvelut aina tutulta, luotettavalta ihmiselt\u00e4 &#8211; joka ei yritet\u00e4 myyd\u00e4 sinulle mit\u00e4\u00e4n eik\u00e4 yrit\u00e4 tehd\u00e4 kaikkea meid\u00e4n palveluilla. Ongelmat ratkotaan ja asiat vied\u00e4\u00e4n maaliin teille j\u00e4rkev\u00e4ll\u00e4&#8230;<\/p>","protected":false},"author":1,"featured_media":0,"parent":0,"menu_order":0,"comment_status":"closed","ping_status":"closed","template":"","meta":{"_monsterinsights_skip_tracking":false,"_monsterinsights_sitenote_active":false,"_monsterinsights_sitenote_note":"","_monsterinsights_sitenote_category":0,"footnotes":""},"class_list":["post-26","page","type-page","status-publish","hentry"],"aioseo_notices":[],"_links":{"self":[{"href":"https:\/\/vukon.fi\/en\/wp-json\/wp\/v2\/pages\/26","targetHints":{"allow":["GET"]}}],"collection":[{"href":"https:\/\/vukon.fi\/en\/wp-json\/wp\/v2\/pages"}],"about":[{"href":"https:\/\/vukon.fi\/en\/wp-json\/wp\/v2\/types\/page"}],"author":[{"embeddable":true,"href":"https:\/\/vukon.fi\/en\/wp-json\/wp\/v2\/users\/1"}],"replies":[{"embeddable":true,"href":"https:\/\/vukon.fi\/en\/wp-json\/wp\/v2\/comments?post=26"}],"version-history":[{"count":104,"href":"https:\/\/vukon.fi\/en\/wp-json\/wp\/v2\/pages\/26\/revisions"}],"predecessor-version":[{"id":407,"href":"https:\/\/vukon.fi\/en\/wp-json\/wp\/v2\/pages\/26\/revisions\/407"}],"wp:attachment":[{"href":"https:\/\/vukon.fi\/en\/wp-json\/wp\/v2\/media?parent=26"}],"curies":[{"name":"wp","href":"https:\/\/api.w.org\/{rel}","templated":true}]}}