{"id":25,"date":"2026-02-24T11:03:40","date_gmt":"2026-02-24T11:03:40","guid":{"rendered":"https:\/\/vukon.fi\/testimonials\/"},"modified":"2026-04-03T14:19:38","modified_gmt":"2026-04-03T11:19:38","slug":"meista","status":"publish","type":"page","link":"https:\/\/vukon.fi\/en\/meista\/","title":{"rendered":"About Us"},"content":{"rendered":"<div data-elementor-type=\"wp-page\" data-elementor-id=\"25\" class=\"elementor elementor-25\">\n\t\t\t\t<div class=\"elementor-element elementor-element-259c5d5 vukon-hero e-con-full e-flex e-con e-parent\" data-id=\"259c5d5\" data-element_type=\"container\" data-e-type=\"container\" data-settings=\"{&quot;background_background&quot;:&quot;classic&quot;}\">\n\t\t\t\t<div class=\"elementor-element elementor-element-320a6fc elementor-widget elementor-widget-heading\" data-id=\"320a6fc\" data-element_type=\"widget\" data-e-type=\"widget\" data-widget_type=\"heading.default\">\n\t\t\t\t\t<h1 class=\"elementor-heading-title elementor-size-default\">About Us<\/h1>\t\t\t\t<\/div>\n\t\t\t\t<div class=\"elementor-element elementor-element-e9c1644 elementor-widget elementor-widget-text-editor\" data-id=\"e9c1644\" data-element_type=\"widget\" data-e-type=\"widget\" data-widget_type=\"text-editor.default\">\n\t\t\t\t\t\t\t\t\t<p style=\"text-align:center;color:rgba(255,255,255,0.85);\">IT professional since 1992 \u2014 personal service with over 30 years of experience.<\/p>\t\t\t\t\t\t\t\t<\/div>\n\t\t\t\t<\/div>\n\t\t<div class=\"elementor-element elementor-element-6279f8d e-con-full e-flex e-con e-parent\" data-id=\"6279f8d\" data-element_type=\"container\" data-e-type=\"container\" data-settings=\"{&quot;background_background&quot;:&quot;classic&quot;}\">\n\t\t\t\t<div class=\"elementor-element elementor-element-bc8e137 elementor-widget elementor-widget-heading\" data-id=\"bc8e137\" data-element_type=\"widget\" data-e-type=\"widget\" data-widget_type=\"heading.default\">\n\t\t\t\t\t<h2 class=\"elementor-heading-title elementor-size-default\">About Us<\/h2>\t\t\t\t<\/div>\n\t\t\t\t<div class=\"elementor-element elementor-element-d13ad4f elementor-widget elementor-widget-text-editor\" data-id=\"d13ad4f\" data-element_type=\"widget\" data-e-type=\"widget\" data-widget_type=\"text-editor.default\">\n\t\t\t\t\t\t\t\t\t<p style=\"text-align: center; color: rgba(255,255,255,0.85); max-width: 800px; margin: 0 auto;\">Vukon Oy is an IT services company founded in 2001, serving SMBs in the Helsinki metropolitan area with a personal touch. The company has one principal employee, a varying number of supporting staff, and an extensive partner network.\u00a0<br \/><br \/>We operate exclusively on an IT department concept, where we are responsible for a company's IT support and maintenance within the framework agreed upon with management. We don't take individual assignments and we don't sell equipment. We want to keep our operations small, high-quality, and interesting.<\/p>\t\t\t\t\t\t\t\t<\/div>\n\t\t\t\t<\/div>\n\t\t<div class=\"elementor-element elementor-element-6169b27 vukon-section-dark e-con-full e-flex e-con e-parent\" data-id=\"6169b27\" data-element_type=\"container\" data-e-type=\"container\">\n\t\t\t\t<div class=\"elementor-element elementor-element-2176b3d elementor-widget elementor-widget-text-editor\" data-id=\"2176b3d\" data-element_type=\"widget\" data-e-type=\"widget\" data-widget_type=\"text-editor.default\">\n\t\t\t\t\t\t\t\t\t<p>entepreneur<\/p>\t\t\t\t\t\t\t\t<\/div>\n\t\t\t\t<div class=\"elementor-element elementor-element-cf59868 elementor-widget elementor-widget-heading\" data-id=\"cf59868\" data-element_type=\"widget\" data-e-type=\"widget\" data-widget_type=\"heading.default\">\n\t\t\t\t\t<h2 class=\"elementor-heading-title elementor-size-default\">Vesa Pajula<\/h2>\t\t\t\t<\/div>\n\t\t\t\t<div class=\"elementor-element elementor-element-3fe5d39 elementor-widget elementor-widget-text-editor\" data-id=\"3fe5d39\" data-element_type=\"widget\" data-e-type=\"widget\" data-widget_type=\"text-editor.default\">\n\t\t\t\t\t\t\t\t\t<p style=\"text-align: center; color: rgba(255,255,255,0.7);\"><strong>IT professional since 1992 \u2022 Vukon Oy entrepreneur since 2001<\/strong><\/p>\t\t\t\t\t\t\t\t<\/div>\n\t\t\t\t<div class=\"elementor-element elementor-element-178b4eb elementor-widget elementor-widget-text-editor\" data-id=\"178b4eb\" data-element_type=\"widget\" data-e-type=\"widget\" data-widget_type=\"text-editor.default\">\n\t\t\t\t\t\t\t\t\t<div style=\"color: rgba(255,255,255,0.85); max-width: 800px; margin: 0 auto; line-height: 1.7;\"><p>Over 35 years of experience in SMB IT \u2014 from workstations to servers, networks to cloud, traditional IT to AI. I've witnessed the evolution of technology up close and helped businesses leverage it throughout my entire career.<\/p><p>I believe that good IT service is built on trust and familiarity. When I know your company, your staff, and how you operate, I can anticipate needs and deliver solutions that truly help \u2014 not just technically, but for your business. I don't try and don't want to do everything myself; I coordinate IT matters with your company's partners and make sure your interests are served in all IT-related dealings.<\/p><p>I keep things simple. I don't want to sell you unnecessary solutions, I don't hide costs, and I don't leave things half-finished. Call and let's talk \u2014 let's figure out together if we'd be interesting partners for each other.<\/p><\/div>\t\t\t\t\t\t\t\t<\/div>\n\t\t\t\t<\/div>\n\t\t<div class=\"elementor-element elementor-element-6fbf757 e-con-full e-flex e-con e-parent\" data-id=\"6fbf757\" data-element_type=\"container\" data-e-type=\"container\" data-settings=\"{&quot;background_background&quot;:&quot;classic&quot;}\">\n\t\t\t\t<\/div>\n\t\t<div class=\"elementor-element elementor-element-ca474df e-con-full e-flex e-con e-parent\" data-id=\"ca474df\" data-element_type=\"container\" data-e-type=\"container\" data-settings=\"{&quot;background_background&quot;:&quot;classic&quot;}\">\n\t\t\t\t<div class=\"elementor-element elementor-element-88dcbf8 elementor-widget elementor-widget-heading\" data-id=\"88dcbf8\" data-element_type=\"widget\" data-e-type=\"widget\" data-widget_type=\"heading.default\">\n\t\t\t\t\t<h2 class=\"elementor-heading-title elementor-size-default\">How We Work<\/h2>\t\t\t\t<\/div>\n\t\t<div class=\"elementor-element elementor-element-b630644 vukon-card-row e-con-full e-flex e-con e-child\" data-id=\"b630644\" data-element_type=\"container\" data-e-type=\"container\">\n\t\t<div class=\"elementor-element elementor-element-62685f6 vukon-card-3col e-con-full e-flex e-con e-child\" data-id=\"62685f6\" data-element_type=\"container\" data-e-type=\"container\" data-settings=\"{&quot;background_background&quot;:&quot;classic&quot;}\">\n\t\t\t\t<div class=\"elementor-element elementor-element-c972583 elementor-widget elementor-widget-heading\" data-id=\"c972583\" data-element_type=\"widget\" data-e-type=\"widget\" data-widget_type=\"heading.default\">\n\t\t\t\t\t<h3 class=\"elementor-heading-title elementor-size-default\">Long-term Partnerships<\/h3>\t\t\t\t<\/div>\n\t\t\t\t<div class=\"elementor-element elementor-element-d0b178d elementor-widget elementor-widget-text-editor\" data-id=\"d0b178d\" data-element_type=\"widget\" data-e-type=\"widget\" data-widget_type=\"text-editor.default\">\n\t\t\t\t\t\t\t\t\t<p style=\"color:rgba(255,255,255,0.8);\">We don't chase quick deals. We build long-term relationships where both parties benefit. Many client relationships have lasted over a decade.<\/p>\t\t\t\t\t\t\t\t<\/div>\n\t\t\t\t<\/div>\n\t\t<div class=\"elementor-element elementor-element-9702151 vukon-card-3col e-con-full e-flex e-con e-child\" data-id=\"9702151\" data-element_type=\"container\" data-e-type=\"container\" data-settings=\"{&quot;background_background&quot;:&quot;classic&quot;}\">\n\t\t\t\t<div class=\"elementor-element elementor-element-9b8a28a elementor-widget elementor-widget-heading\" data-id=\"9b8a28a\" data-element_type=\"widget\" data-e-type=\"widget\" data-widget_type=\"heading.default\">\n\t\t\t\t\t<h3 class=\"elementor-heading-title elementor-size-default\">Clear Pricing<\/h3>\t\t\t\t<\/div>\n\t\t\t\t<div class=\"elementor-element elementor-element-b3168a9 elementor-widget elementor-widget-text-editor\" data-id=\"b3168a9\" data-element_type=\"widget\" data-e-type=\"widget\" data-widget_type=\"text-editor.default\">\n\t\t\t\t\t\t\t\t\t<p style=\"color: rgba(255,255,255,0.8);\">Our work costs 115 \u20ac\/h + VAT. No hidden costs, no surprises, no monthly fees, and no license charges.<\/p>\t\t\t\t\t\t\t\t<\/div>\n\t\t\t\t<\/div>\n\t\t<div class=\"elementor-element elementor-element-c28712c vukon-card-3col e-con-full e-flex e-con e-child\" data-id=\"c28712c\" data-element_type=\"container\" data-e-type=\"container\" data-settings=\"{&quot;background_background&quot;:&quot;classic&quot;}\">\n\t\t\t\t<div class=\"elementor-element elementor-element-772cc22 elementor-widget elementor-widget-heading\" data-id=\"772cc22\" data-element_type=\"widget\" data-e-type=\"widget\" data-widget_type=\"heading.default\">\n\t\t\t\t\t<h3 class=\"elementor-heading-title elementor-size-default\">Broad Expertise<\/h3>\t\t\t\t<\/div>\n\t\t\t\t<div class=\"elementor-element elementor-element-1e4e6cf elementor-widget elementor-widget-text-editor\" data-id=\"1e4e6cf\" data-element_type=\"widget\" data-e-type=\"widget\" data-widget_type=\"text-editor.default\">\n\t\t\t\t\t\t\t\t\t<p style=\"color: rgba(255,255,255,0.8);\">Windows, Linux, macOS, cloud services, virtualization, databases, networks, AI, and software development \u2014 years of experience and passion combined.<\/p>\t\t\t\t\t\t\t\t<\/div>\n\t\t\t\t<\/div>\n\t\t\t\t<\/div>\n\t\t<div class=\"elementor-element elementor-element-3ef258a vukon-card-row e-con-full e-flex e-con e-child\" data-id=\"3ef258a\" data-element_type=\"container\" data-e-type=\"container\">\n\t\t<div class=\"elementor-element elementor-element-9bd5b6b vukon-card-3col e-con-full e-flex e-con e-child\" data-id=\"9bd5b6b\" data-element_type=\"container\" data-e-type=\"container\" data-settings=\"{&quot;background_background&quot;:&quot;classic&quot;}\">\n\t\t\t\t<div class=\"elementor-element elementor-element-fdaa974 elementor-widget elementor-widget-heading\" data-id=\"fdaa974\" data-element_type=\"widget\" data-e-type=\"widget\" data-widget_type=\"heading.default\">\n\t\t\t\t\t<h4 class=\"elementor-heading-title elementor-size-default\">We Don't Sell Anything<\/h4>\t\t\t\t<\/div>\n\t\t\t\t<div class=\"elementor-element elementor-element-d5d76f2 elementor-widget elementor-widget-text-editor\" data-id=\"d5d76f2\" data-element_type=\"widget\" data-e-type=\"widget\" data-widget_type=\"text-editor.default\">\n\t\t\t\t\t\t\t\t\t<p>We tender devices, subscriptions, licenses, etc. directly for you. Contracts are made in your name and billed directly to you.<\/p>\t\t\t\t\t\t\t\t<\/div>\n\t\t\t\t<\/div>\n\t\t<div class=\"elementor-element elementor-element-a2e3fc1 vukon-card-3col e-con-full e-flex e-con e-child\" data-id=\"a2e3fc1\" data-element_type=\"container\" data-e-type=\"container\" data-settings=\"{&quot;background_background&quot;:&quot;classic&quot;}\">\n\t\t\t\t<div class=\"elementor-element elementor-element-2e0b9ac elementor-widget elementor-widget-heading\" data-id=\"2e0b9ac\" data-element_type=\"widget\" data-e-type=\"widget\" data-widget_type=\"heading.default\">\n\t\t\t\t\t<h4 class=\"elementor-heading-title elementor-size-default\">We Keep the IT Reins in Hand<\/h4>\t\t\t\t<\/div>\n\t\t\t\t<div class=\"elementor-element elementor-element-edf3934 elementor-widget elementor-widget-text-editor\" data-id=\"edf3934\" data-element_type=\"widget\" data-e-type=\"widget\" data-widget_type=\"text-editor.default\">\n\t\t\t\t\t\t\t\t\t<p>We coordinate work and procurements with various vendors. We respect your existing partnerships and know when to suggest new ones.<\/p>\t\t\t\t\t\t\t\t<\/div>\n\t\t\t\t<\/div>\n\t\t<div class=\"elementor-element elementor-element-44f4fd0 vukon-card-3col e-con-full e-flex e-con e-child\" data-id=\"44f4fd0\" data-element_type=\"container\" data-e-type=\"container\" data-settings=\"{&quot;background_background&quot;:&quot;classic&quot;}\">\n\t\t\t\t<div class=\"elementor-element elementor-element-41a29e3 elementor-widget elementor-widget-heading\" data-id=\"41a29e3\" data-element_type=\"widget\" data-e-type=\"widget\" data-widget_type=\"heading.default\">\n\t\t\t\t\t<h4 class=\"elementor-heading-title elementor-size-default\">Let's Handle It Right Away<\/h4>\t\t\t\t<\/div>\n\t\t\t\t<div class=\"elementor-element elementor-element-2fac0e9 elementor-widget elementor-widget-text-editor\" data-id=\"2fac0e9\" data-element_type=\"widget\" data-e-type=\"widget\" data-widget_type=\"text-editor.default\">\n\t\t\t\t\t\t\t\t\t<p>Done immediately is good in everyone's book. When possible \u2014 and it usually is \u2014 we want to handle things right away. An empty calendar is, in our opinion, the best calendar.<\/p>\t\t\t\t\t\t\t\t<\/div>\n\t\t\t\t<\/div>\n\t\t\t\t<\/div>\n\t\t\t\t<\/div>\n\t\t\t\t<\/div>","protected":false},"excerpt":{"rendered":"<p>Meist\u00e4 IT-ammattilainen vuodesta 1992 \u2014 henkil\u00f6kohtaista palvelua yli 30 vuoden kokemuksella. Meist\u00e4 Vukon Oy on vuonna 2001 perustettu IT-palveluyritys, joka palvelee p\u00e4\u00e4kaupunkiseudun pk-yrityksi\u00e4 henkil\u00f6kohtaisella otteella. Yrityksell\u00e4 on yksi p\u00e4\u00e4asiallinen ty\u00f6ntekij\u00e4, vaihtelevasti avustavia ty\u00f6ntekij\u00f6it\u00e4 ja laaja yhtesty\u00f6verkosto.\u00a0 Toimimme vain IT-osasto konseptilla, jossa vastaamme yrityksen IT-tuesta ja yll\u00e4pidosta johdon kanssa sovituissa raameissa, emme siis ota yksitt\u00e4isi\u00e4 toimeksiantoja&#8230;<\/p>","protected":false},"author":1,"featured_media":0,"parent":0,"menu_order":0,"comment_status":"closed","ping_status":"closed","template":"","meta":{"_monsterinsights_skip_tracking":false,"_monsterinsights_sitenote_active":false,"_monsterinsights_sitenote_note":"","_monsterinsights_sitenote_category":0,"footnotes":""},"class_list":["post-25","page","type-page","status-publish","hentry"],"aioseo_notices":[],"_links":{"self":[{"href":"https:\/\/vukon.fi\/en\/wp-json\/wp\/v2\/pages\/25","targetHints":{"allow":["GET"]}}],"collection":[{"href":"https:\/\/vukon.fi\/en\/wp-json\/wp\/v2\/pages"}],"about":[{"href":"https:\/\/vukon.fi\/en\/wp-json\/wp\/v2\/types\/page"}],"author":[{"embeddable":true,"href":"https:\/\/vukon.fi\/en\/wp-json\/wp\/v2\/users\/1"}],"replies":[{"embeddable":true,"href":"https:\/\/vukon.fi\/en\/wp-json\/wp\/v2\/comments?post=25"}],"version-history":[{"count":41,"href":"https:\/\/vukon.fi\/en\/wp-json\/wp\/v2\/pages\/25\/revisions"}],"predecessor-version":[{"id":453,"href":"https:\/\/vukon.fi\/en\/wp-json\/wp\/v2\/pages\/25\/revisions\/453"}],"wp:attachment":[{"href":"https:\/\/vukon.fi\/en\/wp-json\/wp\/v2\/media?parent=25"}],"curies":[{"name":"wp","href":"https:\/\/api.w.org\/{rel}","templated":true}]}}