{"id":23,"date":"2026-02-24T11:03:39","date_gmt":"2026-02-24T11:03:39","guid":{"rendered":"https:\/\/vukon.fi\/faq\/"},"modified":"2026-04-02T20:30:24","modified_gmt":"2026-04-02T17:30:24","slug":"ota-yhteytta","status":"publish","type":"page","link":"https:\/\/vukon.fi\/en\/ota-yhteytta\/","title":{"rendered":"Contact Us"},"content":{"rendered":"\t\t<div data-elementor-type=\"wp-page\" data-elementor-id=\"23\" class=\"elementor elementor-23\">\n\t\t\t\t<div class=\"elementor-element elementor-element-14451a3 vukon-hero e-con-full e-flex e-con e-parent\" data-id=\"14451a3\" data-element_type=\"container\" data-e-type=\"container\" data-settings=\"{&quot;background_background&quot;:&quot;classic&quot;}\">\n\t\t\t\t<div class=\"elementor-element elementor-element-a5830bb elementor-widget elementor-widget-heading\" data-id=\"a5830bb\" data-element_type=\"widget\" data-e-type=\"widget\" data-widget_type=\"heading.default\">\n\t\t\t\t\t<h1 class=\"elementor-heading-title elementor-size-default\">Ota yhteytt\u00e4<\/h1>\t\t\t\t<\/div>\n\t\t\t\t<div class=\"elementor-element elementor-element-b1a8a2b elementor-widget elementor-widget-text-editor\" data-id=\"b1a8a2b\" data-element_type=\"widget\" data-e-type=\"widget\" data-widget_type=\"text-editor.default\">\n\t\t\t\t\t\t\t\t\t<p style=\"text-align:center;color:rgba(255,255,255,0.85);\">Kerro tarpeistasi \u2014 vastaamme henkil\u00f6kohtaisesti.<\/p>\t\t\t\t\t\t\t\t<\/div>\n\t\t\t\t<\/div>\n\t\t<div class=\"elementor-element elementor-element-ba05776 e-con-full e-flex e-con e-parent\" data-id=\"ba05776\" data-element_type=\"container\" data-e-type=\"container\" data-settings=\"{&quot;background_background&quot;:&quot;classic&quot;}\">\n\t\t\t\t<div class=\"elementor-element elementor-element-9eedb0b elementor-widget elementor-widget-heading\" data-id=\"9eedb0b\" data-element_type=\"widget\" data-e-type=\"widget\" data-widget_type=\"heading.default\">\n\t\t\t\t\t<h2 class=\"elementor-heading-title elementor-size-default\">Ota yhteytt\u00e4<\/h2>\t\t\t\t<\/div>\n\t\t\t\t<div class=\"elementor-element elementor-element-8102285 elementor-widget elementor-widget-text-editor\" data-id=\"8102285\" data-element_type=\"widget\" data-e-type=\"widget\" data-widget_type=\"text-editor.default\">\n\t\t\t\t\t\t\t\t\t<p style=\"text-align:center;color:rgba(255,255,255,0.85);max-width:800px;margin:0 auto;\">IT-osasto, jossa vastaa tuttu ihminen. Ota yhteytt\u00e4 kuten haluat \u2014 milloin haluat.<\/p>\t\t\t\t\t\t\t\t<\/div>\n\t\t\t\t<\/div>\n\t\t<div class=\"elementor-element elementor-element-42d72d4 vukon-section-dark e-con-full e-flex e-con e-parent\" data-id=\"42d72d4\" data-element_type=\"container\" data-e-type=\"container\">\n\t\t<div class=\"elementor-element elementor-element-24ebb64 vukon-card-row e-con-full e-flex e-con e-child\" data-id=\"24ebb64\" data-element_type=\"container\" data-e-type=\"container\">\n\t\t<div class=\"elementor-element elementor-element-17389da vukon-card-2col e-con-full e-flex e-con e-child\" data-id=\"17389da\" data-element_type=\"container\" data-e-type=\"container\" data-settings=\"{&quot;background_background&quot;:&quot;classic&quot;}\">\n\t\t\t\t<div class=\"elementor-element elementor-element-0155501 elementor-widget elementor-widget-heading\" data-id=\"0155501\" data-element_type=\"widget\" data-e-type=\"widget\" data-widget_type=\"heading.default\">\n\t\t\t\t\t<h2 class=\"elementor-heading-title elementor-size-default\">Yhteystiedot<\/h2>\t\t\t\t<\/div>\n\t\t\t\t<div class=\"elementor-element elementor-element-edc5f7f elementor-widget elementor-widget-text-editor\" data-id=\"edc5f7f\" data-element_type=\"widget\" data-e-type=\"widget\" data-widget_type=\"text-editor.default\">\n\t\t\t\t\t\t\t\t\t<h3>postilla<\/h3><p>Vukon Oy<br \/>Nissaksentie 3 B 11<br \/>01200 Vantaa<\/p><h3>s\u00e4hk\u00f6postilla<\/h3><p>t\u00e4yt\u00e4th\u00e4n alla olevan lomakkeen, viestisi k\u00e4sitell\u00e4\u00e4n siten nopeammin, eik\u00e4 netin spammibotit p\u00e4\u00e4se sotkemaan yhteydenpitoamme.<\/p><h3>puhelimella<\/h3><p>+358 40 5800 738<\/p>\t\t\t\t\t\t\t\t<\/div>\n\t\t\t\t<div class=\"elementor-element elementor-element-7e1be31 elementor-widget elementor-widget-heading\" data-id=\"7e1be31\" data-element_type=\"widget\" data-e-type=\"widget\" data-widget_type=\"heading.default\">\n\t\t\t\t\t<h3 class=\"elementor-heading-title elementor-size-default\">Vukon Oy<\/h3>\t\t\t\t<\/div>\n\t\t\t\t<div class=\"elementor-element elementor-element-6fba6a3 elementor-widget elementor-widget-text-editor\" data-id=\"6fba6a3\" data-element_type=\"widget\" data-e-type=\"widget\" data-widget_type=\"text-editor.default\">\n\t\t\t\t\t\t\t\t\t<p style=\"color: rgba(255,255,255,0.7);\">Y-tunnus: 1702177-2<br \/>Vesa Pajula, IT-ammattilainen vuodesta 1992<\/p>\t\t\t\t\t\t\t\t<\/div>\n\t\t\t\t<\/div>\n\t\t\t\t<div class=\"elementor-element elementor-element-e7dff67 elementor-widget elementor-widget-html\" data-id=\"e7dff67\" data-element_type=\"widget\" data-e-type=\"widget\" data-widget_type=\"html.default\">\n\t\t\t\t\t<div class=\"vukon-form-toggle\" style=\"display:flex;justify-content:center;gap:0;margin:30px auto 10px;max-width:500px;border-radius:12px;overflow:hidden;border:1px solid rgba(255,255,255,0.15);\">\n  <button id=\"btn-yleinen\" onclick=\"vukonToggle('yleinen')\" style=\"flex:1;padding:14px 24px;font-size:16px;font-weight:600;border:none;cursor:pointer;transition:all 0.3s;background:#7c3aed;color:#fff;\">Yleinen viesti<\/button>\n  <button id=\"btn-asiakas\" onclick=\"vukonToggle('asiakas')\" style=\"flex:1;padding:14px 24px;font-size:16px;font-weight:600;border:none;cursor:pointer;transition:all 0.3s;background:rgba(255,255,255,0.08);color:#94a3b8;\">Viesti asiakkaalta<\/button>\n<\/div>\n<script>\nfunction vukonToggle(type) {\n  var yl = document.getElementById('form-yleinen');\n  var as = document.getElementById('form-asiakas');\n  var btnY = document.getElementById('btn-yleinen');\n  var btnA = document.getElementById('btn-asiakas');\n  if (type === 'yleinen') {\n    yl.style.display = '';\n    as.style.display = 'none';\n    btnY.style.background = '#7c3aed';\n    btnY.style.color = '#fff';\n    btnA.style.background = 'rgba(255,255,255,0.08)';\n    btnA.style.color = '#94a3b8';\n  } else {\n    yl.style.display = 'none';\n    as.style.display = '';\n    btnA.style.background = '#7c3aed';\n    btnA.style.color = '#fff';\n    btnY.style.background = 'rgba(255,255,255,0.08)';\n    btnY.style.color = '#94a3b8';\n  }\n}\ndocument.addEventListener('DOMContentLoaded', function() {\n  var as = document.getElementById('form-asiakas');\n  if (as) as.style.display = 'none';\n});\n(function() {\n  var as = document.getElementById('form-asiakas');\n  if (as) as.style.display = 'none';\n})();\n<\/script>\t\t\t\t<\/div>\n\t\t<div class=\"elementor-element elementor-element-bc9bcca vukon-card-2col e-con-full e-flex e-con e-child\" data-id=\"bc9bcca\" data-element_type=\"container\" data-e-type=\"container\" id=\"form-yleinen\" data-settings=\"{&quot;background_background&quot;:&quot;classic&quot;}\">\n\t\t\t\t<div class=\"elementor-element elementor-element-12f017d elementor-widget elementor-widget-shortcode\" data-id=\"12f017d\" data-element_type=\"widget\" data-e-type=\"widget\" data-widget_type=\"shortcode.default\">\n\t\t\t\t\t\t\t<div class=\"elementor-shortcode\"><style id=\"wpforms-css-vars-196\">\n\t\t\t\t#wpforms-196 {\n\t\t\t\t--wpforms-container-padding: 0px;\n--wpforms-container-border-width: 1px;\n--wpforms-container-border-radius: 3px;\n--wpforms-background-color: rgba(0, 0, 0, 0);\n--wpforms-field-size-input-height: 43px;\n--wpforms-field-size-input-spacing: 15px;\n--wpforms-field-size-font-size: 16px;\n--wpforms-field-size-line-height: 19px;\n--wpforms-field-size-padding-h: 14px;\n--wpforms-field-size-checkbox-size: 16px;\n--wpforms-field-size-sublabel-spacing: 5px;\n--wpforms-field-size-icon-size: 1;\n--wpforms-label-size-font-size: 16px;\n--wpforms-label-size-line-height: 19px;\n--wpforms-label-size-sublabel-font-size: 14px;\n--wpforms-label-size-sublabel-line-height: 17px;\n--wpforms-button-size-font-size: 17px;\n--wpforms-button-size-height: 41px;\n--wpforms-button-size-padding-h: 15px;\n--wpforms-button-size-margin-top: 10px;\n--wpforms-container-shadow-size-box-shadow: none;\n\t\t\t}\n\t\t\t<\/style><div class=\"wpforms-container wpforms-container-full wpforms-render-modern\" id=\"wpforms-196\"><form id=\"wpforms-form-196\" class=\"wpforms-validate wpforms-form wpforms-ajax-form\" data-formid=\"196\" method=\"post\" enctype=\"multipart\/form-data\" action=\"\/en\/wp-json\/wp\/v2\/pages\/23\" data-token=\"a2fed678174f7da4ffabb9d8a26b8242\" data-token-time=\"1776433814\"><noscript class=\"wpforms-error-noscript\">Please enable JavaScript in your browser to complete this form.<\/noscript><div id=\"wpforms-error-noscript\" style=\"display: none;\">Please enable JavaScript in your browser to complete this form.<\/div><div class=\"wpforms-field-container\"><div id=\"wpforms-196-field_1-container\" class=\"wpforms-field wpforms-field-name\" data-field-id=\"1\"><label class=\"wpforms-field-label\" for=\"wpforms-196-field_1\">Nimi <span class=\"wpforms-required-label\" aria-hidden=\"true\">*<\/span><\/label><input type=\"text\" id=\"wpforms-196-field_1\" class=\"wpforms-field-medium wpforms-field-required\" name=\"wpforms[fields][1]\" aria-errormessage=\"wpforms-196-field_1-error\" required><\/div><div id=\"wpforms-196-field_2-container\" class=\"wpforms-field wpforms-field-email\" data-field-id=\"2\"><label class=\"wpforms-field-label\" for=\"wpforms-196-field_2\">S\u00e4hk\u00f6posti <span class=\"wpforms-required-label\" aria-hidden=\"true\">*<\/span><\/label><input type=\"email\" id=\"wpforms-196-field_2\" class=\"wpforms-field-medium wpforms-field-required\" name=\"wpforms[fields][2]\" spellcheck=\"false\" aria-errormessage=\"wpforms-196-field_2-error\" required><\/div><div id=\"wpforms-196-field_3-container\" class=\"wpforms-field wpforms-field-text\" data-field-id=\"3\"><label class=\"wpforms-field-label\" for=\"wpforms-196-field_3\">Yritys<\/label><input type=\"text\" id=\"wpforms-196-field_3\" class=\"wpforms-field-medium\" name=\"wpforms[fields][3]\" aria-errormessage=\"wpforms-196-field_3-error\" ><\/div>\t\t<div id=\"wpforms-196-field_6-container\"\n\t\t\tclass=\"wpforms-field wpforms-field-text\"\n\t\t\tdata-field-type=\"text\"\n\t\t\tdata-field-id=\"6\"\n\t\t\t>\n\t\t\t<label class=\"wpforms-field-label\" for=\"wpforms-196-field_6\" >Aihe Nimi Viesti<\/label>\n\t\t\t<input type=\"text\" id=\"wpforms-196-field_6\" class=\"wpforms-field-medium\" name=\"wpforms[fields][6]\" >\n\t\t<\/div>\n\t\t<div id=\"wpforms-196-field_4-container\" class=\"wpforms-field wpforms-field-text\" data-field-id=\"4\"><label class=\"wpforms-field-label\" for=\"wpforms-196-field_4\">Aihe<\/label><input type=\"text\" id=\"wpforms-196-field_4\" class=\"wpforms-field-medium\" name=\"wpforms[fields][4]\" aria-errormessage=\"wpforms-196-field_4-error\" ><\/div><div id=\"wpforms-196-field_5-container\" class=\"wpforms-field wpforms-field-textarea\" data-field-id=\"5\"><label class=\"wpforms-field-label\" for=\"wpforms-196-field_5\">Viesti<\/label><textarea id=\"wpforms-196-field_5\" class=\"wpforms-field-medium\" name=\"wpforms[fields][5]\" aria-errormessage=\"wpforms-196-field_5-error\" ><\/textarea><\/div><script>\n\t\t\t\t( function() {\n\t\t\t\t\tconst style = document.createElement( 'style' );\n\t\t\t\t\tstyle.appendChild( document.createTextNode( '#wpforms-196-field_6-container { position: absolute !important; overflow: hidden !important; display: inline !important; height: 1px !important; width: 1px !important; z-index: -1000 !important; padding: 0 !important; } #wpforms-196-field_6-container input { visibility: hidden; } #wpforms-conversational-form-page #wpforms-196-field_6-container label { counter-increment: none; }' ) );\n\t\t\t\t\tdocument.head.appendChild( style );\n\t\t\t\t\tdocument.currentScript?.remove();\n\t\t\t\t} )();\n\t\t\t<\/script><\/div><!-- .wpforms-field-container --><div class=\"wpforms-submit-container\" ><input type=\"hidden\" name=\"wpforms[id]\" value=\"196\"><input type=\"hidden\" name=\"page_title\" value=\"\"><input type=\"hidden\" name=\"page_url\" value=\"https:\/\/vukon.fi\/en\/wp-json\/wp\/v2\/pages\/23\"><input type=\"hidden\" name=\"url_referer\" value=\"\"><button type=\"submit\" name=\"wpforms[submit]\" id=\"wpforms-submit-196\" class=\"wpforms-submit\" data-alt-text=\"L\u00e4hetet\u00e4\u00e4n...\" data-submit-text=\"L\u00e4het\u00e4\" aria-live=\"assertive\" value=\"wpforms-submit\">L\u00e4het\u00e4<\/button><img decoding=\"async\" src=\"https:\/\/vukon.fi\/wp-content\/plugins\/wpforms-lite\/assets\/images\/submit-spin.svg\" class=\"wpforms-submit-spinner\" style=\"display: none;\" width=\"26\" height=\"26\" alt=\"Loading\"><\/div><\/form><\/div>  <!-- .wpforms-container --><\/div>\n\t\t\t\t\t\t<\/div>\n\t\t\t\t<\/div>\n\t\t<div class=\"elementor-element elementor-element-b38757a vukon-card-row e-con-full e-flex e-con e-child\" data-id=\"b38757a\" data-element_type=\"container\" data-e-type=\"container\" id=\"form-asiakas\">\n\t\t<div class=\"elementor-element elementor-element-58a3335 vukon-card-2col e-con-full e-flex e-con e-child\" data-id=\"58a3335\" data-element_type=\"container\" data-e-type=\"container\" data-settings=\"{&quot;background_background&quot;:&quot;classic&quot;}\">\n\t\t\t\t<div class=\"elementor-element elementor-element-ab4b04f elementor-widget elementor-widget-shortcode\" data-id=\"ab4b04f\" data-element_type=\"widget\" data-e-type=\"widget\" data-widget_type=\"shortcode.default\">\n\t\t\t\t\t\t\t<div class=\"elementor-shortcode\"><style id=\"wpforms-css-vars-199\">\n\t\t\t\t#wpforms-199 {\n\t\t\t\t--wpforms-container-padding: 0px;\n--wpforms-container-border-width: 1px;\n--wpforms-container-border-radius: 3px;\n--wpforms-background-color: rgba(0, 0, 0, 0);\n--wpforms-field-size-input-height: 43px;\n--wpforms-field-size-input-spacing: 15px;\n--wpforms-field-size-font-size: 16px;\n--wpforms-field-size-line-height: 19px;\n--wpforms-field-size-padding-h: 14px;\n--wpforms-field-size-checkbox-size: 16px;\n--wpforms-field-size-sublabel-spacing: 5px;\n--wpforms-field-size-icon-size: 1;\n--wpforms-label-size-font-size: 16px;\n--wpforms-label-size-line-height: 19px;\n--wpforms-label-size-sublabel-font-size: 14px;\n--wpforms-label-size-sublabel-line-height: 17px;\n--wpforms-button-size-font-size: 17px;\n--wpforms-button-size-height: 41px;\n--wpforms-button-size-padding-h: 15px;\n--wpforms-button-size-margin-top: 10px;\n--wpforms-container-shadow-size-box-shadow: none;\n\t\t\t}\n\t\t\t<\/style><div class=\"wpforms-container wpforms-container-full wpforms-render-modern\" id=\"wpforms-199\"><form id=\"wpforms-form-199\" class=\"wpforms-validate wpforms-form wpforms-ajax-form\" data-formid=\"199\" method=\"post\" enctype=\"multipart\/form-data\" action=\"\/en\/wp-json\/wp\/v2\/pages\/23\" data-token=\"a6863a68905f7813f29880d86b4364b8\" data-token-time=\"1776433814\"><noscript class=\"wpforms-error-noscript\">Please enable JavaScript in your browser to complete this form.<\/noscript><div id=\"wpforms-error-noscript\" style=\"display: none;\">Please enable JavaScript in your browser to complete this form.<\/div><div class=\"wpforms-field-container\">\t\t<div id=\"wpforms-199-field_9-container\"\n\t\t\tclass=\"wpforms-field wpforms-field-text\"\n\t\t\tdata-field-type=\"text\"\n\t\t\tdata-field-id=\"9\"\n\t\t\t>\n\t\t\t<label class=\"wpforms-field-label\" for=\"wpforms-199-field_9\" >Viesti Yritys Haluatko<\/label>\n\t\t\t<input type=\"text\" id=\"wpforms-199-field_9\" class=\"wpforms-field-medium\" name=\"wpforms[fields][9]\" >\n\t\t<\/div>\n\t\t<div id=\"wpforms-199-field_1-container\" class=\"wpforms-field wpforms-field-select wpforms-field-select-style-classic\" data-field-id=\"1\"><label class=\"wpforms-field-label\" for=\"wpforms-199-field_1\">Yhteydenoton tyyppi <span class=\"wpforms-required-label\" aria-hidden=\"true\">*<\/span><\/label><select id=\"wpforms-199-field_1\" class=\"wpforms-field-medium wpforms-field-required\" name=\"wpforms[fields][1]\" required=\"required\"><option value=\"\" class=\"placeholder\" disabled  selected='selected'>--- Select Choice ---<\/option><option value=\"Soittopyynt\u00f6\"  class=\"choice-1 depth-1\"  >Soittopyynt\u00f6<\/option><option value=\"Palaute\"  class=\"choice-2 depth-1\"  >Palaute<\/option><option value=\"Ty\u00f6tilaus\"  class=\"choice-3 depth-1\"  >Ty\u00f6tilaus<\/option><\/select><\/div><div id=\"wpforms-199-field_2-container\" class=\"wpforms-field wpforms-field-name\" data-field-id=\"2\"><label class=\"wpforms-field-label\" for=\"wpforms-199-field_2\">Nimi <span class=\"wpforms-required-label\" aria-hidden=\"true\">*<\/span><\/label><input type=\"text\" id=\"wpforms-199-field_2\" class=\"wpforms-field-medium wpforms-field-required\" name=\"wpforms[fields][2]\" aria-errormessage=\"wpforms-199-field_2-error\" required><\/div><div id=\"wpforms-199-field_3-container\" class=\"wpforms-field wpforms-field-email\" data-field-id=\"3\"><label class=\"wpforms-field-label\" for=\"wpforms-199-field_3\">S\u00e4hk\u00f6posti <span class=\"wpforms-required-label\" aria-hidden=\"true\">*<\/span><\/label><input type=\"email\" id=\"wpforms-199-field_3\" class=\"wpforms-field-medium wpforms-field-required\" name=\"wpforms[fields][3]\" spellcheck=\"false\" aria-errormessage=\"wpforms-199-field_3-error\" required><\/div><div id=\"wpforms-199-field_4-container\" class=\"wpforms-field wpforms-field-text\" data-field-id=\"4\"><label class=\"wpforms-field-label\" for=\"wpforms-199-field_4\">Yritys<\/label><input type=\"text\" id=\"wpforms-199-field_4\" class=\"wpforms-field-medium\" name=\"wpforms[fields][4]\" aria-errormessage=\"wpforms-199-field_4-error\" ><\/div><div id=\"wpforms-199-field_5-container\" class=\"wpforms-field wpforms-field-text\" data-field-id=\"5\"><label class=\"wpforms-field-label\" for=\"wpforms-199-field_5\">Aihe<\/label><input type=\"text\" id=\"wpforms-199-field_5\" class=\"wpforms-field-medium\" name=\"wpforms[fields][5]\" aria-errormessage=\"wpforms-199-field_5-error\" ><\/div><div id=\"wpforms-199-field_6-container\" class=\"wpforms-field wpforms-field-textarea\" data-field-id=\"6\"><label class=\"wpforms-field-label\" for=\"wpforms-199-field_6\">Viesti<\/label><textarea id=\"wpforms-199-field_6\" class=\"wpforms-field-medium\" name=\"wpforms[fields][6]\" aria-errormessage=\"wpforms-199-field_6-error\" ><\/textarea><\/div><div id=\"wpforms-199-field_7-container\" class=\"wpforms-field wpforms-field-select wpforms-field-select-style-classic\" data-field-id=\"7\"><label class=\"wpforms-field-label\" for=\"wpforms-199-field_7\">Kiireellisyys<\/label><select id=\"wpforms-199-field_7\" class=\"wpforms-field-medium\" name=\"wpforms[fields][7]\"><option value=\"Normaali\"  class=\"choice-1 depth-1\"  >Normaali<\/option><option value=\"Kiireellinen\"  class=\"choice-2 depth-1\"  >Kiireellinen<\/option><option value=\"Kriittinen\"  class=\"choice-3 depth-1\"  >Kriittinen<\/option><\/select><\/div><div id=\"wpforms-199-field_8-container\" class=\"wpforms-field wpforms-field-select wpforms-field-select-style-classic\" data-field-id=\"8\"><label class=\"wpforms-field-label\" for=\"wpforms-199-field_8\">Haluatko vastauksen?<\/label><select id=\"wpforms-199-field_8\" class=\"wpforms-field-medium\" name=\"wpforms[fields][8]\"><option value=\"Kyll\u00e4\"  class=\"choice-1 depth-1\"  >Kyll\u00e4<\/option><option value=\"Ei\"  class=\"choice-2 depth-1\"  >Ei<\/option><\/select><\/div><script>\n\t\t\t\t( function() {\n\t\t\t\t\tconst style = document.createElement( 'style' );\n\t\t\t\t\tstyle.appendChild( document.createTextNode( '#wpforms-196-field_6-container,#wpforms-199-field_9-container { position: absolute !important; overflow: hidden !important; display: inline !important; height: 1px !important; width: 1px !important; z-index: -1000 !important; padding: 0 !important; } #wpforms-196-field_6-container,#wpforms-199-field_9-container input { visibility: hidden; } #wpforms-conversational-form-page #wpforms-196-field_6-container,#wpforms-199-field_9-container label { counter-increment: none; }' ) );\n\t\t\t\t\tdocument.head.appendChild( style );\n\t\t\t\t\tdocument.currentScript?.remove();\n\t\t\t\t} )();\n\t\t\t<\/script><\/div><!-- .wpforms-field-container --><div class=\"wpforms-submit-container\" ><input type=\"hidden\" name=\"wpforms[id]\" value=\"199\"><input type=\"hidden\" name=\"page_title\" value=\"\"><input type=\"hidden\" name=\"page_url\" value=\"https:\/\/vukon.fi\/en\/wp-json\/wp\/v2\/pages\/23\"><input type=\"hidden\" name=\"url_referer\" value=\"\"><button type=\"submit\" name=\"wpforms[submit]\" id=\"wpforms-submit-199\" class=\"wpforms-submit\" data-alt-text=\"L\u00e4hetet\u00e4\u00e4n...\" data-submit-text=\"L\u00e4het\u00e4\" aria-live=\"assertive\" value=\"wpforms-submit\">L\u00e4het\u00e4<\/button><img decoding=\"async\" src=\"https:\/\/vukon.fi\/wp-content\/plugins\/wpforms-lite\/assets\/images\/submit-spin.svg\" class=\"wpforms-submit-spinner\" style=\"display: none;\" width=\"26\" height=\"26\" alt=\"Loading\"><\/div><\/form><\/div>  <!-- .wpforms-container --><\/div>\n\t\t\t\t\t\t<\/div>\n\t\t\t\t<\/div>\n\t\t\t\t<\/div>\n\t\t\t\t<\/div>\n\t\t\t\t<\/div>\n\t\t<div class=\"elementor-element elementor-element-376c767 e-con-full e-flex e-con e-parent\" data-id=\"376c767\" data-element_type=\"container\" data-e-type=\"container\" data-settings=\"{&quot;background_background&quot;:&quot;classic&quot;}\">\n\t\t\t\t<div class=\"elementor-element elementor-element-e32f531 elementor-widget elementor-widget-text-editor\" data-id=\"e32f531\" data-element_type=\"widget\" data-e-type=\"widget\" data-widget_type=\"text-editor.default\">\n\t\t\t\t\t\t\t\t\t<p style=\"text-align:center;color:rgba(255,255,255,0.7);font-style:italic;max-width:800px;margin:0 auto;\">IT-ongelmat eiv\u00e4t noudata toimistoaikoja \u2014 eik\u00e4 meid\u00e4n palvelumme. Vastaamme my\u00f6s iltaisin ja viikonloppuisin.<\/p>\t\t\t\t\t\t\t\t<\/div>\n\t\t\t\t<\/div>\n\t\t\t\t<\/div>\n\t\t","protected":false},"excerpt":{"rendered":"<p>Ota yhteytt\u00e4 Kerro tarpeistasi \u2014 vastaamme henkil\u00f6kohtaisesti. Ota yhteytt\u00e4 IT-osasto, jossa vastaa tuttu ihminen. Ota yhteytt\u00e4 kuten haluat \u2014 milloin haluat. Yhteystiedot postilla Vukon OyNissaksentie 3 B 1101200 Vantaa s\u00e4hk\u00f6postilla t\u00e4yt\u00e4th\u00e4n alla olevan lomakkeen, viestisi k\u00e4sitell\u00e4\u00e4n siten nopeammin, eik\u00e4 netin spammibotit p\u00e4\u00e4se sotkemaan yhteydenpitoamme. puhelimella +358 40 5800 738 Vukon Oy Y-tunnus: 1702177-2Vesa Pajula, IT-ammattilainen&#8230;<\/p>","protected":false},"author":1,"featured_media":0,"parent":0,"menu_order":0,"comment_status":"closed","ping_status":"closed","template":"","meta":{"_monsterinsights_skip_tracking":false,"_monsterinsights_sitenote_active":false,"_monsterinsights_sitenote_note":"","_monsterinsights_sitenote_category":0,"footnotes":""},"class_list":["post-23","page","type-page","status-publish","hentry"],"aioseo_notices":[],"_links":{"self":[{"href":"https:\/\/vukon.fi\/en\/wp-json\/wp\/v2\/pages\/23","targetHints":{"allow":["GET"]}}],"collection":[{"href":"https:\/\/vukon.fi\/en\/wp-json\/wp\/v2\/pages"}],"about":[{"href":"https:\/\/vukon.fi\/en\/wp-json\/wp\/v2\/types\/page"}],"author":[{"embeddable":true,"href":"https:\/\/vukon.fi\/en\/wp-json\/wp\/v2\/users\/1"}],"replies":[{"embeddable":true,"href":"https:\/\/vukon.fi\/en\/wp-json\/wp\/v2\/comments?post=23"}],"version-history":[{"count":43,"href":"https:\/\/vukon.fi\/en\/wp-json\/wp\/v2\/pages\/23\/revisions"}],"predecessor-version":[{"id":383,"href":"https:\/\/vukon.fi\/en\/wp-json\/wp\/v2\/pages\/23\/revisions\/383"}],"wp:attachment":[{"href":"https:\/\/vukon.fi\/en\/wp-json\/wp\/v2\/media?parent=23"}],"curies":[{"name":"wp","href":"https:\/\/api.w.org\/{rel}","templated":true}]}}